{"id":2203,"date":"2022-06-21T17:02:28","date_gmt":"2022-06-21T20:02:28","guid":{"rendered":"http:\/\/www.locacaodemaquinas.com.br\/site\/?post_type=product&#038;p=2203"},"modified":"2025-09-04T15:42:52","modified_gmt":"2025-09-04T18:42:52","slug":"placa-vibratoria-a-gasolina-vk-85-vibromak","status":"publish","type":"product","link":"http:\/\/www.locacaodemaquinas.com.br\/site\/loja\/locacao\/compactacao\/placa-vibratoria\/placa-vibratoria-a-gasolina-vk-85-vibromak\/","title":{"rendered":"Placa Vibrat\u00f3ria \u00e0 Gasolina &#8211; Vibromak"},"content":{"rendered":"<p>Placa Vibrat\u00f3ria projetado para ser utilizado em compacta\u00e7\u00e3o de solos, valas cal\u00e7amentos e pavimenta\u00e7\u00e3o asf\u00e1ltica.<\/p>\n<p>De f\u00e1cil manuseio, oferece alto rendimento.<\/p>\n","protected":false},"excerpt":{"rendered":"<p>Placa Vibrat\u00f3ria \u00e9 utilizada na compacta\u00e7\u00e3o de solos, valas e \u201dopera\u00e7\u00f5es tapa buraco\u201d.<\/p>\n","protected":false},"featured_media":2204,"comment_status":"open","ping_status":"closed","template":"","meta":[],"product_cat":[44,161,163],"product_tag":[287,266,601],"acf":[],"_links":{"self":[{"href":"http:\/\/www.locacaodemaquinas.com.br\/site\/wp-json\/wp\/v2\/product\/2203"}],"collection":[{"href":"http:\/\/www.locacaodemaquinas.com.br\/site\/wp-json\/wp\/v2\/product"}],"about":[{"href":"http:\/\/www.locacaodemaquinas.com.br\/site\/wp-json\/wp\/v2\/types\/product"}],"replies":[{"embeddable":true,"href":"http:\/\/www.locacaodemaquinas.com.br\/site\/wp-json\/wp\/v2\/comments?post=2203"}],"wp:featuredmedia":[{"embeddable":true,"href":"http:\/\/www.locacaodemaquinas.com.br\/site\/wp-json\/wp\/v2\/media\/2204"}],"wp:attachment":[{"href":"http:\/\/www.locacaodemaquinas.com.br\/site\/wp-json\/wp\/v2\/media?parent=2203"}],"wp:term":[{"taxonomy":"product_cat","embeddable":true,"href":"http:\/\/www.locacaodemaquinas.com.br\/site\/wp-json\/wp\/v2\/product_cat?post=2203"},{"taxonomy":"product_tag","embeddable":true,"href":"http:\/\/www.locacaodemaquinas.com.br\/site\/wp-json\/wp\/v2\/product_tag?post=2203"}],"curies":[{"name":"wp","href":"https:\/\/api.w.org\/{rel}","templated":true}]}}