{"id":2209,"date":"2022-06-22T10:24:44","date_gmt":"2022-06-22T13:24:44","guid":{"rendered":"http:\/\/www.locacaodemaquinas.com.br\/site\/?post_type=product&#038;p=2209"},"modified":"2022-06-22T10:24:44","modified_gmt":"2022-06-22T13:24:44","slug":"unidade-hidraulica-gt-18-a-gasolina-4t-stanley","status":"publish","type":"product","link":"http:\/\/www.locacaodemaquinas.com.br\/site\/loja\/locacao\/demolicao\/unidade-forca-hidraulica\/unidade-hidraulica-gt-18-a-gasolina-4t-stanley\/","title":{"rendered":"Unidade Hidr\u00e1ulica GT 18 \u00e0 Gasolina 4T &#8211; Stanley"},"content":{"rendered":"<p><strong>Recursos<\/strong><\/p>\n<ul>\n<li>Refrigera\u00e7\u00e3o ar-\u00f3leo com ventoinha de alta velocidade.<\/li>\n<li>Acelera\u00e7\u00e3o autom\u00e1tica quando a ferramenta \u00e9 colocada em uso.<\/li>\n<li>Manoplas dobr\u00e1veis.<\/li>\n<li>Rodas de 12 pol. preenchidas com espuma.<\/li>\n<li>Desligamento com baixa press\u00e3o de \u00f3leo<\/li>\n<li>Partida el\u00e9trica e controles totalmente el\u00e9tricos<\/li>\n<li>Conector de 12V CC em alguns modelos.<\/li>\n<\/ul>\n","protected":false},"excerpt":{"rendered":"<p>A unidade de energia hidr\u00e1ulica GT18 \u00e9 projetada para uso profissional cont\u00ednuo e \u00e9 otimizada para oferecer fluxo e press\u00e3o ideais para ferramentas hidr\u00e1ulicas tipo 1 e tipo 2. H\u00e1 o melhor sistema de refrigera\u00e7\u00e3o da classe, proporcionam a pot\u00eancia e rejei\u00e7\u00e3o a calor que os profissionais precisam para manter as ferramentas funcionando ininterruptamente o dia inteiro sob quaisquer condi\u00e7\u00f5es. A GT18 conta com sistema de controle de acelera\u00e7\u00e3o totalmente el\u00e9trico computadorizado, que coloca o motor em modo ocioso quando as ferramentas n\u00e3o est\u00e3o sendo usadas, economizando assim combust\u00edvel e prolongando sua vida \u00fatil. Sua opera\u00e7\u00e3o rica em recursos e confi\u00e1vel faz da GT18 a mais preparada da ind\u00fastria.<\/p>\n","protected":false},"featured_media":2210,"comment_status":"open","ping_status":"closed","template":"","meta":[],"product_cat":[44,180,183],"product_tag":[273,266,602,453],"acf":[],"_links":{"self":[{"href":"http:\/\/www.locacaodemaquinas.com.br\/site\/wp-json\/wp\/v2\/product\/2209"}],"collection":[{"href":"http:\/\/www.locacaodemaquinas.com.br\/site\/wp-json\/wp\/v2\/product"}],"about":[{"href":"http:\/\/www.locacaodemaquinas.com.br\/site\/wp-json\/wp\/v2\/types\/product"}],"replies":[{"embeddable":true,"href":"http:\/\/www.locacaodemaquinas.com.br\/site\/wp-json\/wp\/v2\/comments?post=2209"}],"wp:featuredmedia":[{"embeddable":true,"href":"http:\/\/www.locacaodemaquinas.com.br\/site\/wp-json\/wp\/v2\/media\/2210"}],"wp:attachment":[{"href":"http:\/\/www.locacaodemaquinas.com.br\/site\/wp-json\/wp\/v2\/media?parent=2209"}],"wp:term":[{"taxonomy":"product_cat","embeddable":true,"href":"http:\/\/www.locacaodemaquinas.com.br\/site\/wp-json\/wp\/v2\/product_cat?post=2209"},{"taxonomy":"product_tag","embeddable":true,"href":"http:\/\/www.locacaodemaquinas.com.br\/site\/wp-json\/wp\/v2\/product_tag?post=2209"}],"curies":[{"name":"wp","href":"https:\/\/api.w.org\/{rel}","templated":true}]}}