{"id":2227,"date":"2022-07-04T15:51:41","date_gmt":"2022-07-04T18:51:41","guid":{"rendered":"http:\/\/www.locacaodemaquinas.com.br\/site\/?post_type=product&#038;p=2227"},"modified":"2022-07-04T15:52:20","modified_gmt":"2022-07-04T18:52:20","slug":"guincho-de-coluna-mgc-400-kg-220v-menegotti","status":"publish","type":"product","link":"http:\/\/www.locacaodemaquinas.com.br\/site\/loja\/locacao\/elevacao\/guincho-coluna\/guincho-de-coluna-mgc-400-kg-220v-menegotti\/","title":{"rendered":"Guincho de Coluna MGC 400 kg \/ 220V &#8211; Menegotti"},"content":{"rendered":"<p>Equipamento desenvolvido com a mais alta tecnologia para suportar a eleva\u00e7\u00e3o de pequenos a grandes volumes de carga. Essas m\u00e1quinas s\u00e3o de baixa manuten\u00e7\u00e3o e \u00f3tima capacidade de precis\u00e3o na execu\u00e7\u00e3o do trabalho.<\/p>\n","protected":false},"excerpt":{"rendered":"<p>Equipamento projetado para suportar eleva\u00e7\u00e3o de 200 kg de carga. Ideal para eleva\u00e7\u00e3o de concreto.<\/p>\n","protected":false},"featured_media":2226,"comment_status":"open","ping_status":"closed","template":"","meta":[],"product_cat":[44,184,185],"product_tag":[348,605,393],"acf":[],"_links":{"self":[{"href":"http:\/\/www.locacaodemaquinas.com.br\/site\/wp-json\/wp\/v2\/product\/2227"}],"collection":[{"href":"http:\/\/www.locacaodemaquinas.com.br\/site\/wp-json\/wp\/v2\/product"}],"about":[{"href":"http:\/\/www.locacaodemaquinas.com.br\/site\/wp-json\/wp\/v2\/types\/product"}],"replies":[{"embeddable":true,"href":"http:\/\/www.locacaodemaquinas.com.br\/site\/wp-json\/wp\/v2\/comments?post=2227"}],"wp:featuredmedia":[{"embeddable":true,"href":"http:\/\/www.locacaodemaquinas.com.br\/site\/wp-json\/wp\/v2\/media\/2226"}],"wp:attachment":[{"href":"http:\/\/www.locacaodemaquinas.com.br\/site\/wp-json\/wp\/v2\/media?parent=2227"}],"wp:term":[{"taxonomy":"product_cat","embeddable":true,"href":"http:\/\/www.locacaodemaquinas.com.br\/site\/wp-json\/wp\/v2\/product_cat?post=2227"},{"taxonomy":"product_tag","embeddable":true,"href":"http:\/\/www.locacaodemaquinas.com.br\/site\/wp-json\/wp\/v2\/product_tag?post=2227"}],"curies":[{"name":"wp","href":"https:\/\/api.w.org\/{rel}","templated":true}]}}