{"id":2240,"date":"2022-07-06T10:23:53","date_gmt":"2022-07-06T13:23:53","guid":{"rendered":"http:\/\/www.locacaodemaquinas.com.br\/site\/?post_type=product&#038;p=2240"},"modified":"2025-03-12T09:50:54","modified_gmt":"2025-03-12T12:50:54","slug":"motopoda-a-gasolina-ht-75-stihl","status":"publish","type":"product","link":"http:\/\/www.locacaodemaquinas.com.br\/site\/loja\/principais-marcas\/marca-stihl\/motopoda-a-gasolina-ht-75-stihl\/","title":{"rendered":"Motopoda \u00e0 Gasolina"},"content":{"rendered":"<h5>Novo eixo telesc\u00f3pico mais leve<\/h5>\n<p>Com o eixo telesc\u00f3pico voc\u00ea n\u00e3o precisar\u00e1 de escadas para as podas em altura. Com a possibilidade de ajustar o comprimento da haste em at\u00e9 3,9m, voc\u00ea poder\u00e1 alcan\u00e7ar, considerando a altura do operador, ramos que estejam a mais de 5 metros do solo de forma f\u00e1cil e segura.<\/p>\n","protected":false},"excerpt":{"rendered":"<p>A<b> motopoda <\/b>\u00e9 indicada para podas em alturas. Possui r\u00e1pida acelera\u00e7\u00e3o e uma haste que possibilita cortes de galhos no alto de \u00e1rvores e manuten\u00e7\u00e3o de pomares. Possui alcance de aproximadamente 5m de altura (considerando a altura do operador). Motopoda telesc\u00f3pica que possibilita cortes de galhos no alto de \u00e1rvores e manuten\u00e7\u00e3o de \u00e1reas verdes, al\u00e9m de possuir conjunto de corte com baixo n\u00edvel de rebote e excelente precis\u00e3o de corte.<\/p>\n","protected":false},"featured_media":2241,"comment_status":"open","ping_status":"closed","template":"","meta":[],"product_cat":[44,194,196,342,343],"product_tag":[266,336,367,364],"acf":[],"_links":{"self":[{"href":"http:\/\/www.locacaodemaquinas.com.br\/site\/wp-json\/wp\/v2\/product\/2240"}],"collection":[{"href":"http:\/\/www.locacaodemaquinas.com.br\/site\/wp-json\/wp\/v2\/product"}],"about":[{"href":"http:\/\/www.locacaodemaquinas.com.br\/site\/wp-json\/wp\/v2\/types\/product"}],"replies":[{"embeddable":true,"href":"http:\/\/www.locacaodemaquinas.com.br\/site\/wp-json\/wp\/v2\/comments?post=2240"}],"wp:featuredmedia":[{"embeddable":true,"href":"http:\/\/www.locacaodemaquinas.com.br\/site\/wp-json\/wp\/v2\/media\/2241"}],"wp:attachment":[{"href":"http:\/\/www.locacaodemaquinas.com.br\/site\/wp-json\/wp\/v2\/media?parent=2240"}],"wp:term":[{"taxonomy":"product_cat","embeddable":true,"href":"http:\/\/www.locacaodemaquinas.com.br\/site\/wp-json\/wp\/v2\/product_cat?post=2240"},{"taxonomy":"product_tag","embeddable":true,"href":"http:\/\/www.locacaodemaquinas.com.br\/site\/wp-json\/wp\/v2\/product_tag?post=2240"}],"curies":[{"name":"wp","href":"https:\/\/api.w.org\/{rel}","templated":true}]}}