{"id":2252,"date":"2022-07-07T09:56:22","date_gmt":"2022-07-07T12:56:22","guid":{"rendered":"http:\/\/www.locacaodemaquinas.com.br\/site\/?post_type=product&#038;p=2252"},"modified":"2022-07-07T10:02:24","modified_gmt":"2022-07-07T13:02:24","slug":"fita-transparente-para-embalagem-qualitape-520-48mmx45m-adelbras","status":"publish","type":"product","link":"http:\/\/www.locacaodemaquinas.com.br\/site\/loja\/venda\/fitas\/fita-transparente-para-embalagem-qualitape-520-48mmx45m-adelbras\/","title":{"rendered":"Fita Transparente para Embalagem Qualitape 520 (48mmx45m) &#8211; Adelbras"},"content":{"rendered":"","protected":false},"excerpt":{"rendered":"<p>A fita para embalagem Qualitape 520 \u00e9 ideal para as seguintes fun\u00e7\u00f5es: empacotamento, lacra\u00e7\u00e3o de pacotes, fechamento de caixas de papel\u00e3o, emendas e refor\u00e7os, jun\u00e7\u00f5es, prote\u00e7\u00e3o, marca\u00e7\u00e3o e diferencia\u00e7\u00e3o.<\/p>\n","protected":false},"featured_media":2253,"comment_status":"open","ping_status":"closed","template":"","meta":[],"product_cat":[45,516],"product_tag":[618,615,621,620,622],"acf":[],"_links":{"self":[{"href":"http:\/\/www.locacaodemaquinas.com.br\/site\/wp-json\/wp\/v2\/product\/2252"}],"collection":[{"href":"http:\/\/www.locacaodemaquinas.com.br\/site\/wp-json\/wp\/v2\/product"}],"about":[{"href":"http:\/\/www.locacaodemaquinas.com.br\/site\/wp-json\/wp\/v2\/types\/product"}],"replies":[{"embeddable":true,"href":"http:\/\/www.locacaodemaquinas.com.br\/site\/wp-json\/wp\/v2\/comments?post=2252"}],"wp:featuredmedia":[{"embeddable":true,"href":"http:\/\/www.locacaodemaquinas.com.br\/site\/wp-json\/wp\/v2\/media\/2253"}],"wp:attachment":[{"href":"http:\/\/www.locacaodemaquinas.com.br\/site\/wp-json\/wp\/v2\/media?parent=2252"}],"wp:term":[{"taxonomy":"product_cat","embeddable":true,"href":"http:\/\/www.locacaodemaquinas.com.br\/site\/wp-json\/wp\/v2\/product_cat?post=2252"},{"taxonomy":"product_tag","embeddable":true,"href":"http:\/\/www.locacaodemaquinas.com.br\/site\/wp-json\/wp\/v2\/product_tag?post=2252"}],"curies":[{"name":"wp","href":"https:\/\/api.w.org\/{rel}","templated":true}]}}