{"id":2257,"date":"2022-07-07T10:19:47","date_gmt":"2022-07-07T13:19:47","guid":{"rendered":"http:\/\/www.locacaodemaquinas.com.br\/site\/?post_type=product&#038;p=2257"},"modified":"2023-01-18T16:45:06","modified_gmt":"2023-01-18T19:45:06","slug":"fita-mask-crepe-710-adelbras","status":"publish","type":"product","link":"http:\/\/www.locacaodemaquinas.com.br\/site\/loja\/venda\/fitas\/fita-mask-crepe-710-adelbras\/","title":{"rendered":"Fita Mask Crepe 710 &#8211; Adelbras"},"content":{"rendered":"","protected":false},"excerpt":{"rendered":"<p>A fita mask crepe 710 possui um papel com excelente alongamento, proporcionando boa performance em curvas e contornos do mascaramento. Utilizada para uso industrial, mascaramento de pinturas imobili\u00e1rias, trabalhos escolares, fixa\u00e7\u00f5es, prote\u00e7\u00e3o, enfaixamentos, artesanato, decora\u00e7\u00e3o, bricolagem, etc. Depois de aplicada, esse modelo de fita crepe n\u00e3o deixa res\u00edduo na superf\u00edcie. Resistente a temperaturas de at\u00e9 100\u00b0C. Deve ser removida em at\u00e9 24 horas ap\u00f3s a aplica\u00e7\u00e3o.<\/p>\n","protected":false},"featured_media":2261,"comment_status":"open","ping_status":"closed","template":"","meta":[],"product_cat":[45,516],"product_tag":[618,615,625,619,624],"acf":[],"_links":{"self":[{"href":"http:\/\/www.locacaodemaquinas.com.br\/site\/wp-json\/wp\/v2\/product\/2257"}],"collection":[{"href":"http:\/\/www.locacaodemaquinas.com.br\/site\/wp-json\/wp\/v2\/product"}],"about":[{"href":"http:\/\/www.locacaodemaquinas.com.br\/site\/wp-json\/wp\/v2\/types\/product"}],"replies":[{"embeddable":true,"href":"http:\/\/www.locacaodemaquinas.com.br\/site\/wp-json\/wp\/v2\/comments?post=2257"}],"wp:featuredmedia":[{"embeddable":true,"href":"http:\/\/www.locacaodemaquinas.com.br\/site\/wp-json\/wp\/v2\/media\/2261"}],"wp:attachment":[{"href":"http:\/\/www.locacaodemaquinas.com.br\/site\/wp-json\/wp\/v2\/media?parent=2257"}],"wp:term":[{"taxonomy":"product_cat","embeddable":true,"href":"http:\/\/www.locacaodemaquinas.com.br\/site\/wp-json\/wp\/v2\/product_cat?post=2257"},{"taxonomy":"product_tag","embeddable":true,"href":"http:\/\/www.locacaodemaquinas.com.br\/site\/wp-json\/wp\/v2\/product_tag?post=2257"}],"curies":[{"name":"wp","href":"https:\/\/api.w.org\/{rel}","templated":true}]}}