{"id":2265,"date":"2022-07-07T10:54:12","date_gmt":"2022-07-07T13:54:12","guid":{"rendered":"http:\/\/www.locacaodemaquinas.com.br\/site\/?post_type=product&#038;p=2265"},"modified":"2023-01-18T16:44:37","modified_gmt":"2023-01-18T19:44:37","slug":"fita-dupla-face-de-papel-branco-410-adelbras","status":"publish","type":"product","link":"http:\/\/www.locacaodemaquinas.com.br\/site\/loja\/venda\/fitas\/fita-dupla-face-de-papel-branco-410-adelbras\/","title":{"rendered":"Fita Dupla Face de Papel Branco 410 &#8211; Adelbras"},"content":{"rendered":"","protected":false},"excerpt":{"rendered":"<p>Nosso modelo de fita dupla face de papel branco serve para: fixa\u00e7\u00e3o de cartazes, enfeites ou arranjos, montagens, usos gerais para decora\u00e7\u00e3o e na constru\u00e7\u00e3o, bricolagem, artesanato, uso escolar, em est\u00fadios de arte ou ag\u00eancias de propaganda, emendas ou bobinas.<\/p>\n","protected":false},"featured_media":2266,"comment_status":"open","ping_status":"closed","template":"","meta":[],"product_cat":[45,516],"product_tag":[618,615,628,619],"acf":[],"_links":{"self":[{"href":"http:\/\/www.locacaodemaquinas.com.br\/site\/wp-json\/wp\/v2\/product\/2265"}],"collection":[{"href":"http:\/\/www.locacaodemaquinas.com.br\/site\/wp-json\/wp\/v2\/product"}],"about":[{"href":"http:\/\/www.locacaodemaquinas.com.br\/site\/wp-json\/wp\/v2\/types\/product"}],"replies":[{"embeddable":true,"href":"http:\/\/www.locacaodemaquinas.com.br\/site\/wp-json\/wp\/v2\/comments?post=2265"}],"wp:featuredmedia":[{"embeddable":true,"href":"http:\/\/www.locacaodemaquinas.com.br\/site\/wp-json\/wp\/v2\/media\/2266"}],"wp:attachment":[{"href":"http:\/\/www.locacaodemaquinas.com.br\/site\/wp-json\/wp\/v2\/media?parent=2265"}],"wp:term":[{"taxonomy":"product_cat","embeddable":true,"href":"http:\/\/www.locacaodemaquinas.com.br\/site\/wp-json\/wp\/v2\/product_cat?post=2265"},{"taxonomy":"product_tag","embeddable":true,"href":"http:\/\/www.locacaodemaquinas.com.br\/site\/wp-json\/wp\/v2\/product_tag?post=2265"}],"curies":[{"name":"wp","href":"https:\/\/api.w.org\/{rel}","templated":true}]}}