{"id":2284,"date":"2022-07-08T12:44:23","date_gmt":"2022-07-08T15:44:23","guid":{"rendered":"http:\/\/www.locacaodemaquinas.com.br\/site\/?post_type=product&#038;p=2284"},"modified":"2022-07-08T12:49:29","modified_gmt":"2022-07-08T15:49:29","slug":"fita-antiderrapante-safety-walk-transparente-50mm-x-5m-3m","status":"publish","type":"product","link":"http:\/\/www.locacaodemaquinas.com.br\/site\/loja\/venda\/fitas\/fita-antiderrapante-safety-walk-transparente-50mm-x-5m-3m\/","title":{"rendered":"Fita Antiderrapante Safety-Walk Transparente (50mm x 5m) &#8211; 3M"},"content":{"rendered":"<ul class=\"MMM--pdpList SNAPS--bullets js--bnftsPdPList\">\n<li>Reduz o risco de quedas e acidentes<\/li>\n<li>Mais Resistente<\/li>\n<li>F\u00e1cil de cortar e aplicar<\/li>\n<li>Para ambientes internos e externos<\/li>\n<\/ul>\n<p>Esta fita antiderrapante para escadas e pisos \u00e9 dur\u00e1vel, confort\u00e1vel tamb\u00e9m para p\u00e9s descal\u00e7os, resiste a mofo e bolor e n\u00e3o racha ou descasca com o uso. \u00c9 ideal para evitar escorreg\u00f5es e quedas e est\u00e1 dispon\u00edvel em uma variedade de tamanhos, cores e materiais. \u00c9 um adesivo antiderrapante que pode ser utilizado durante longo tempo em locais com tr\u00e1fego intenso.<\/p>\n<p>&nbsp;<\/p>\n<h4 class=\"MMM--hdg MMM--pdpTabVr SNAPS--pdpTabVr\">Aplica\u00e7\u00f5es sugeridas<\/h4>\n<ul class=\"MMM--pdpList SNAPS--bullets\">\n<li>Escadas<\/li>\n<li>Rampas<\/li>\n<li>Pisos<\/li>\n<\/ul>\n","protected":false},"excerpt":{"rendered":"<p>A Fita Antiderrapante 3M\u2122 Safety-Walk\u00ae \u00e9 projetada para reduzir o risco de quedas e acidentes em ambientes residenciais e comerciais. F\u00e1cil de cortar e aplicar, seu adesivo \u00e9 forte e resistente a chuvas e ao tr\u00e1fego de pessoas.<\/p>\n","protected":false},"featured_media":2285,"comment_status":"open","ping_status":"closed","template":"","meta":[],"product_cat":[45,516],"product_tag":[539,615,631,632],"acf":[],"_links":{"self":[{"href":"http:\/\/www.locacaodemaquinas.com.br\/site\/wp-json\/wp\/v2\/product\/2284"}],"collection":[{"href":"http:\/\/www.locacaodemaquinas.com.br\/site\/wp-json\/wp\/v2\/product"}],"about":[{"href":"http:\/\/www.locacaodemaquinas.com.br\/site\/wp-json\/wp\/v2\/types\/product"}],"replies":[{"embeddable":true,"href":"http:\/\/www.locacaodemaquinas.com.br\/site\/wp-json\/wp\/v2\/comments?post=2284"}],"wp:featuredmedia":[{"embeddable":true,"href":"http:\/\/www.locacaodemaquinas.com.br\/site\/wp-json\/wp\/v2\/media\/2285"}],"wp:attachment":[{"href":"http:\/\/www.locacaodemaquinas.com.br\/site\/wp-json\/wp\/v2\/media?parent=2284"}],"wp:term":[{"taxonomy":"product_cat","embeddable":true,"href":"http:\/\/www.locacaodemaquinas.com.br\/site\/wp-json\/wp\/v2\/product_cat?post=2284"},{"taxonomy":"product_tag","embeddable":true,"href":"http:\/\/www.locacaodemaquinas.com.br\/site\/wp-json\/wp\/v2\/product_tag?post=2284"}],"curies":[{"name":"wp","href":"https:\/\/api.w.org\/{rel}","templated":true}]}}