{"id":2289,"date":"2022-07-08T13:01:19","date_gmt":"2022-07-08T16:01:19","guid":{"rendered":"http:\/\/www.locacaodemaquinas.com.br\/site\/?post_type=product&#038;p=2289"},"modified":"2023-01-18T16:42:29","modified_gmt":"2023-01-18T19:42:29","slug":"fita-isolante-preta-imperial-3m","status":"publish","type":"product","link":"http:\/\/www.locacaodemaquinas.com.br\/site\/loja\/venda\/fitas\/fita-isolante-preta-imperial-3m\/","title":{"rendered":"Fita Isolante Preta Imperial &#8211; 3M"},"content":{"rendered":"<ul class=\"MMM--pdpList SNAPS--bullets js--bnftsPdPList\">\n<li>Uso Geral \/ Dom\u00e9stico<\/li>\n<li>Boa flexibilidade e conformabilidade<\/li>\n<li>F\u00e1cil de aplicar e manusear<\/li>\n<li>Reduz a vunerabilidade<\/li>\n<\/ul>\n<p>&nbsp;<\/p>\n<h4 class=\"MMM--hdg MMM--pdpTabVr SNAPS--pdpTabVr\">Aplica\u00e7\u00f5es sugeridas<\/h4>\n<ul class=\"MMM--pdpList SNAPS--bullets\">\n<li>Pequenos reparos;<\/li>\n<li>Conserto de eletrodom\u00e9sticos, aparelhos eletr\u00f4nicos, entre outros;<\/li>\n<li>Refor\u00e7os em cabos de ferramenta;<\/li>\n<li>Manuten\u00e7\u00f5es provis\u00f3rias.<\/li>\n<li>Ideal para instala\u00e7\u00f5es e reparos de eletrodom\u00e9sticos em geral<\/li>\n<\/ul>\n","protected":false},"excerpt":{"rendered":"<p>Indicada para uso geral, a Fita Isolante 3M\u2122 Imperial\u00ae possui boa flexibilidade e conformabilidade. Ela \u00e9 f\u00e1cil de aplicar e manusear e \u00e9 resistente a raios ultravioletas, garantindo bons resultados.<\/p>\n","protected":false},"featured_media":2293,"comment_status":"open","ping_status":"closed","template":"","meta":[],"product_cat":[45,516],"product_tag":[539,615,635],"acf":[],"_links":{"self":[{"href":"http:\/\/www.locacaodemaquinas.com.br\/site\/wp-json\/wp\/v2\/product\/2289"}],"collection":[{"href":"http:\/\/www.locacaodemaquinas.com.br\/site\/wp-json\/wp\/v2\/product"}],"about":[{"href":"http:\/\/www.locacaodemaquinas.com.br\/site\/wp-json\/wp\/v2\/types\/product"}],"replies":[{"embeddable":true,"href":"http:\/\/www.locacaodemaquinas.com.br\/site\/wp-json\/wp\/v2\/comments?post=2289"}],"wp:featuredmedia":[{"embeddable":true,"href":"http:\/\/www.locacaodemaquinas.com.br\/site\/wp-json\/wp\/v2\/media\/2293"}],"wp:attachment":[{"href":"http:\/\/www.locacaodemaquinas.com.br\/site\/wp-json\/wp\/v2\/media?parent=2289"}],"wp:term":[{"taxonomy":"product_cat","embeddable":true,"href":"http:\/\/www.locacaodemaquinas.com.br\/site\/wp-json\/wp\/v2\/product_cat?post=2289"},{"taxonomy":"product_tag","embeddable":true,"href":"http:\/\/www.locacaodemaquinas.com.br\/site\/wp-json\/wp\/v2\/product_tag?post=2289"}],"curies":[{"name":"wp","href":"https:\/\/api.w.org\/{rel}","templated":true}]}}