{"id":2295,"date":"2022-07-08T15:43:21","date_gmt":"2022-07-08T18:43:21","guid":{"rendered":"http:\/\/www.locacaodemaquinas.com.br\/site\/?post_type=product&#038;p=2295"},"modified":"2022-07-08T15:43:22","modified_gmt":"2022-07-08T18:43:22","slug":"fita-crepe-101-la-3m","status":"publish","type":"product","link":"http:\/\/www.locacaodemaquinas.com.br\/site\/loja\/venda\/fitas\/fita-crepe-101-la-3m\/","title":{"rendered":"Fita Crepe 101 LA &#8211; 3M"},"content":{"rendered":"<ul class=\"MMM--pdpList SNAPS--bullets js--bnftsPdPList\">\n<li>F\u00e1cil de aplicar<\/li>\n<li>Remo\u00e7\u00e3o limpa<\/li>\n<li>Linha de pintura com excelente acabamento<\/li>\n<li>Resistente a \u00e1gua e solventes<\/li>\n<\/ul>\n<h4 class=\"MMM--hdg MMM--pdpTabVr SNAPS--pdpTabVr\">Aplica\u00e7\u00f5es sugeridas<\/h4>\n<ul class=\"MMM--pdpList SNAPS--bullets\">\n<li>Pintura imobili\u00e1ria<\/li>\n<li>Leves aplica\u00e7\u00f5es industriais<\/li>\n<li>Sela pap\u00e9is, embalagens e caixas<\/li>\n<\/ul>\n","protected":false},"excerpt":{"rendered":"<p class=\"SNAPS--pdpTabDes\">A Fita Crepe 3M 101 LA prende, veda e protege superf\u00edcies de respingos de tinta. Resistente e f\u00e1cil de usar, o produto n\u00e3o rasga durante o uso e pode ser cortado com a m\u00e3o, sem necessidade de usar tesoura.<\/p>\n<p class=\"SNAPS--pdpTabDes\">O adesivo da Fita Crepe 3M 101 LA adere instantaneamente a pap\u00e9is, metais, madeiras, pl\u00e1sticos, vidros, \u00e1reas pintadas e outras superf\u00edcies sem descolar &#8211; inclusive em locais irregulares e cantos arredondados. No momento da remo\u00e7\u00e3o, o produto descola suavemente e por inteiro, sem quebrar ou danificar a superf\u00edcie. A Fita 101 LA \u00e9 um utens\u00edlio indispens\u00e1vel em todas as caixas de ferramentas, escrit\u00f3rios e at\u00e9 mesmo em casa. Vers\u00e1til, ela pode ser usada para fechamento de embalagens e caixas de papel\u00e3o, pendurar placas de sinaliza\u00e7\u00e3o tempor\u00e1rias, fazer marca\u00e7\u00f5es para pinturas e muitas outras utilidades.<\/p>\n","protected":false},"featured_media":2296,"comment_status":"open","ping_status":"closed","template":"","meta":[],"product_cat":[45,516],"product_tag":[539,615,625],"acf":[],"_links":{"self":[{"href":"http:\/\/www.locacaodemaquinas.com.br\/site\/wp-json\/wp\/v2\/product\/2295"}],"collection":[{"href":"http:\/\/www.locacaodemaquinas.com.br\/site\/wp-json\/wp\/v2\/product"}],"about":[{"href":"http:\/\/www.locacaodemaquinas.com.br\/site\/wp-json\/wp\/v2\/types\/product"}],"replies":[{"embeddable":true,"href":"http:\/\/www.locacaodemaquinas.com.br\/site\/wp-json\/wp\/v2\/comments?post=2295"}],"wp:featuredmedia":[{"embeddable":true,"href":"http:\/\/www.locacaodemaquinas.com.br\/site\/wp-json\/wp\/v2\/media\/2296"}],"wp:attachment":[{"href":"http:\/\/www.locacaodemaquinas.com.br\/site\/wp-json\/wp\/v2\/media?parent=2295"}],"wp:term":[{"taxonomy":"product_cat","embeddable":true,"href":"http:\/\/www.locacaodemaquinas.com.br\/site\/wp-json\/wp\/v2\/product_cat?post=2295"},{"taxonomy":"product_tag","embeddable":true,"href":"http:\/\/www.locacaodemaquinas.com.br\/site\/wp-json\/wp\/v2\/product_tag?post=2295"}],"curies":[{"name":"wp","href":"https:\/\/api.w.org\/{rel}","templated":true}]}}