{"id":2306,"date":"2022-07-08T16:59:37","date_gmt":"2022-07-08T19:59:37","guid":{"rendered":"http:\/\/www.locacaodemaquinas.com.br\/site\/?post_type=product&#038;p=2306"},"modified":"2022-07-08T17:10:27","modified_gmt":"2022-07-08T20:10:27","slug":"fita-dupla-face-fixa-tudo-interior-19mm-x-2m-tekbond","status":"publish","type":"product","link":"http:\/\/www.locacaodemaquinas.com.br\/site\/loja\/venda\/fitas\/fita-dupla-face-fixa-tudo-interior-19mm-x-2m-tekbond\/","title":{"rendered":"Fita Dupla Face Fixa Tudo Interior 19mm x 2m &#8211; TEKBOND"},"content":{"rendered":"<h4>MODO DE USAR:<\/h4>\n<p>1. Fa\u00e7a a marca\u00e7\u00e3o pr\u00e9via no local onde deseja aplicar o objeto desejado. Certifique-se de que a parede ou local onde deseja aplicar o objeto, bem como o pr\u00f3prio objeto, estejam livres de sujeira e oleosidade.<\/p>\n<p>2. Corte a fita na medida e quantidade suficiente para sustentar este objeto (cada 10cm sustenta 300g, desde que seja bem posicionada no objeto a ser fixado e que observe as 48h para que a fita atinja 100% da sua capacidade de carga).<\/p>\n<p>3. Aplique a fita no objeto desejado e remova o filme protetor.<\/p>\n<p>4. Pressione o objeto com firmeza, por 1 minuto, no local desejado.<\/p>\n<p>&nbsp;<\/p>\n<h4>OBSERVA\u00c7\u00d5ES:<\/h4>\n<p>Somente ap\u00f3s o per\u00edodo de 48h a fita suportar\u00e1 100% da sua capacidade de carga. Recomendamos a aplica\u00e7\u00e3o da fita em temperaturas entre 5\u00b0C e 40\u00b0C.<\/p>\n<p>&nbsp;<\/p>\n<h4>LIMITA\u00c7\u00d5ES:<\/h4>\n<p>N\u00e3o aplicar em locais com a presen\u00e7a de solventes. N\u00e3o \u00e9 recomendada para aplica\u00e7\u00e3o em pap\u00e9is de parede. N\u00e3o recomendamos a sobreposi\u00e7\u00e3o de peda\u00e7os de fitas. N\u00e3o recomendado para aplica\u00e7\u00f5es estruturais.<\/p>\n","protected":false},"excerpt":{"rendered":"<p>A Supertape Fita Fixa Tudo Tekbond \u00e9 uma fita acr\u00edlica que foi desenvolvida para promover uma fixa\u00e7\u00e3o ultra forte de maneira f\u00e1cil, r\u00e1pida e segura. Com ela, voc\u00ea pendura quadros, objetos de decora\u00e7\u00e3o, canaletas e uma infinidade de outras pe\u00e7as. Adere muito bem em madeira, parede, vidro, acr\u00edlico e metal.<\/p>\n<p>Transparente, \u00e9 indicada para uso interno em ambientes protegidos da luz do sol e intemp\u00e9ries.<\/p>\n","protected":false},"featured_media":2308,"comment_status":"open","ping_status":"closed","template":"","meta":[],"product_cat":[45,516],"product_tag":[615,628,636,563],"acf":[],"_links":{"self":[{"href":"http:\/\/www.locacaodemaquinas.com.br\/site\/wp-json\/wp\/v2\/product\/2306"}],"collection":[{"href":"http:\/\/www.locacaodemaquinas.com.br\/site\/wp-json\/wp\/v2\/product"}],"about":[{"href":"http:\/\/www.locacaodemaquinas.com.br\/site\/wp-json\/wp\/v2\/types\/product"}],"replies":[{"embeddable":true,"href":"http:\/\/www.locacaodemaquinas.com.br\/site\/wp-json\/wp\/v2\/comments?post=2306"}],"wp:featuredmedia":[{"embeddable":true,"href":"http:\/\/www.locacaodemaquinas.com.br\/site\/wp-json\/wp\/v2\/media\/2308"}],"wp:attachment":[{"href":"http:\/\/www.locacaodemaquinas.com.br\/site\/wp-json\/wp\/v2\/media?parent=2306"}],"wp:term":[{"taxonomy":"product_cat","embeddable":true,"href":"http:\/\/www.locacaodemaquinas.com.br\/site\/wp-json\/wp\/v2\/product_cat?post=2306"},{"taxonomy":"product_tag","embeddable":true,"href":"http:\/\/www.locacaodemaquinas.com.br\/site\/wp-json\/wp\/v2\/product_tag?post=2306"}],"curies":[{"name":"wp","href":"https:\/\/api.w.org\/{rel}","templated":true}]}}