{"id":2310,"date":"2022-07-08T17:25:42","date_gmt":"2022-07-08T20:25:42","guid":{"rendered":"http:\/\/www.locacaodemaquinas.com.br\/site\/?post_type=product&#038;p=2310"},"modified":"2023-01-18T16:40:21","modified_gmt":"2023-01-18T19:40:21","slug":"fita-isolante-19mm-tekbond","status":"publish","type":"product","link":"http:\/\/www.locacaodemaquinas.com.br\/site\/loja\/venda\/fitas\/fita-isolante-19mm-tekbond\/","title":{"rendered":"Fita Isolante 19mm &#8211; TEKBOND"},"content":{"rendered":"<h4><strong>PROPRIEDADES E BENEF\u00cdCIOS<\/strong><\/h4>\n<p>&#8211; Anti Chamas.<\/p>\n<p>&#8211; Atende a norma ABNT NBR 60454-3-1.<\/p>\n<p>&#8211; Livre de metais pesados, pois atende os requisitos da Norma Europ\u00e9ia-Rohs (Restri\u00e7\u00e3o ao uso de subst\u00e2ncias perigosas: Chumbo, C\u00e1dmio, etc ).<\/p>\n<p>&#8211; Classe C.<\/p>\n<p>&nbsp;<\/p>\n<h4><strong>MODO DE USO<\/strong><\/h4>\n<p>1. Certifique-se que a \u00e1rea onde ser\u00e1 aplicada a fita isolante esteja limpa.<\/p>\n<p>2. Aplique a fita isolante no local cobrindo a \u00e1rea que deve ser isolada e finalize a aplica\u00e7\u00e3o com sobreposi\u00e7\u00e3o 100% sobre a pr\u00f3pria fita.<\/p>\n","protected":false},"excerpt":{"rendered":"<p>PROPRIEDADES E BENEF\u00cdCIOS &#8211; Anti Chamas. &#8211; Atende a norma ABNT NBR 60454-3-1. &#8211; Livre de metais pesados, pois atende os requisitos da Norma Europ\u00e9ia-Rohs (Restri\u00e7\u00e3o ao uso de subst\u00e2ncias perigosas: Chumbo, C\u00e1dmio, etc ). &#8211; Classe C. &nbsp; MODO DE USO 1. Certifique-se que a \u00e1rea onde ser\u00e1 aplicada a fita isolante esteja limpa. [&hellip;]<\/p>\n","protected":false},"featured_media":2313,"comment_status":"open","ping_status":"closed","template":"","meta":[],"product_cat":[45,516],"product_tag":[615,635,563],"acf":[],"_links":{"self":[{"href":"http:\/\/www.locacaodemaquinas.com.br\/site\/wp-json\/wp\/v2\/product\/2310"}],"collection":[{"href":"http:\/\/www.locacaodemaquinas.com.br\/site\/wp-json\/wp\/v2\/product"}],"about":[{"href":"http:\/\/www.locacaodemaquinas.com.br\/site\/wp-json\/wp\/v2\/types\/product"}],"replies":[{"embeddable":true,"href":"http:\/\/www.locacaodemaquinas.com.br\/site\/wp-json\/wp\/v2\/comments?post=2310"}],"wp:featuredmedia":[{"embeddable":true,"href":"http:\/\/www.locacaodemaquinas.com.br\/site\/wp-json\/wp\/v2\/media\/2313"}],"wp:attachment":[{"href":"http:\/\/www.locacaodemaquinas.com.br\/site\/wp-json\/wp\/v2\/media?parent=2310"}],"wp:term":[{"taxonomy":"product_cat","embeddable":true,"href":"http:\/\/www.locacaodemaquinas.com.br\/site\/wp-json\/wp\/v2\/product_cat?post=2310"},{"taxonomy":"product_tag","embeddable":true,"href":"http:\/\/www.locacaodemaquinas.com.br\/site\/wp-json\/wp\/v2\/product_tag?post=2310"}],"curies":[{"name":"wp","href":"https:\/\/api.w.org\/{rel}","templated":true}]}}