{"id":2319,"date":"2022-07-08T17:44:40","date_gmt":"2022-07-08T20:44:40","guid":{"rendered":"http:\/\/www.locacaodemaquinas.com.br\/site\/?post_type=product&#038;p=2319"},"modified":"2023-01-18T16:32:21","modified_gmt":"2023-01-18T19:32:21","slug":"fita-para-demarcacao-de-solo-tekbond","status":"publish","type":"product","link":"http:\/\/www.locacaodemaquinas.com.br\/site\/loja\/venda\/fitas\/fita-para-demarcacao-de-solo-tekbond\/","title":{"rendered":"Fita para Demarca\u00e7\u00e3o de Solo &#8211; TEKBOND"},"content":{"rendered":"<p><strong>Amarelo<\/strong>\u00a0&#8211; cor utilizada para indicar cuidado.<\/p>\n<p><strong>Vermelha<\/strong>\u00a0&#8211;\u00a0cor utilizada para identificar e distinguir equipamentos de prote\u00e7\u00e3o e combate a inc\u00eandio, sua localiza\u00e7\u00e3o e portas de sa\u00edda de emerg\u00eancia.<\/p>\n<p>&nbsp;<\/p>\n<h4>NOTA:<\/h4>\n<p>Para se obter a orienta\u00e7\u00e3o correta sobre aplica\u00e7\u00e3o de cada cor de fita, consulte a norma de seguran\u00e7a NBR 7195<\/p>\n<p>&nbsp;<\/p>\n<h4>MODO DE USO:<\/h4>\n<p>1. Verifique se o local onde deseja aplicar a fita est\u00e1 livre de sujeira e \u00f3leos.<\/p>\n<p>2. Corte a fita no tamanho desejado e aplique no local.<\/p>\n<p>3. Fa\u00e7a a aplica\u00e7\u00e3o pressionando a fita, come\u00e7ando por uma extremidade e deslizando a m\u00e3o at\u00e9 outra, de modo a evitar a forma\u00e7\u00e3o de bolhas durante a aplica\u00e7\u00e3o da fita.<\/p>\n","protected":false},"excerpt":{"rendered":"<p>Fitas para demarca\u00e7\u00e3o e sinaliza\u00e7\u00e3o de riscos por meio de cores. Oferece fixa\u00e7\u00e3o f\u00e1cil e grande resist\u00eancia depois de aplicadas.<\/p>\n","protected":false},"featured_media":2321,"comment_status":"open","ping_status":"closed","template":"","meta":[],"product_cat":[45,516],"product_tag":[615,638,563],"acf":[],"_links":{"self":[{"href":"http:\/\/www.locacaodemaquinas.com.br\/site\/wp-json\/wp\/v2\/product\/2319"}],"collection":[{"href":"http:\/\/www.locacaodemaquinas.com.br\/site\/wp-json\/wp\/v2\/product"}],"about":[{"href":"http:\/\/www.locacaodemaquinas.com.br\/site\/wp-json\/wp\/v2\/types\/product"}],"replies":[{"embeddable":true,"href":"http:\/\/www.locacaodemaquinas.com.br\/site\/wp-json\/wp\/v2\/comments?post=2319"}],"wp:featuredmedia":[{"embeddable":true,"href":"http:\/\/www.locacaodemaquinas.com.br\/site\/wp-json\/wp\/v2\/media\/2321"}],"wp:attachment":[{"href":"http:\/\/www.locacaodemaquinas.com.br\/site\/wp-json\/wp\/v2\/media?parent=2319"}],"wp:term":[{"taxonomy":"product_cat","embeddable":true,"href":"http:\/\/www.locacaodemaquinas.com.br\/site\/wp-json\/wp\/v2\/product_cat?post=2319"},{"taxonomy":"product_tag","embeddable":true,"href":"http:\/\/www.locacaodemaquinas.com.br\/site\/wp-json\/wp\/v2\/product_tag?post=2319"}],"curies":[{"name":"wp","href":"https:\/\/api.w.org\/{rel}","templated":true}]}}