{"id":2326,"date":"2022-07-11T09:56:47","date_gmt":"2022-07-11T12:56:47","guid":{"rendered":"http:\/\/www.locacaodemaquinas.com.br\/site\/?post_type=product&#038;p=2326"},"modified":"2022-07-11T10:04:01","modified_gmt":"2022-07-11T13:04:01","slug":"fita-para-demarcacao-de-solo-thr","status":"publish","type":"product","link":"http:\/\/www.locacaodemaquinas.com.br\/site\/loja\/venda\/fitas\/fita-para-demarcacao-de-solo-thr\/","title":{"rendered":"Fita para Demarca\u00e7\u00e3o de Solo &#8211; THR"},"content":{"rendered":"<p><strong>Aplica\u00e7\u00e3o<\/strong><br \/>\nAplicado em \u00e1reas que necessitam de sinaliza\u00e7\u00e3o de solo para delimitar \u00e1reas ou regi\u00f5es que apresentam risco ou para sinaliza\u00e7\u00e3o indicativa.<\/p>\n<p>Devido a sua grande variedade de cores, pode ser utilizado tamb\u00e9m na identifica\u00e7\u00e3o de produtos, sinaliza\u00e7\u00e3o de portas de vidro e at\u00e9 para fechamento de embalagem.<\/p>\n","protected":false},"excerpt":{"rendered":"<p>Fita de PVC revestido com adesivo sens\u00edvel a press\u00e3o com excelente ades\u00e3o e resist\u00eancia\u00a0qu\u00edmica.<\/p>\n","protected":false},"featured_media":2328,"comment_status":"open","ping_status":"closed","template":"","meta":[],"product_cat":[45,516],"product_tag":[615,643,644],"acf":[],"_links":{"self":[{"href":"http:\/\/www.locacaodemaquinas.com.br\/site\/wp-json\/wp\/v2\/product\/2326"}],"collection":[{"href":"http:\/\/www.locacaodemaquinas.com.br\/site\/wp-json\/wp\/v2\/product"}],"about":[{"href":"http:\/\/www.locacaodemaquinas.com.br\/site\/wp-json\/wp\/v2\/types\/product"}],"replies":[{"embeddable":true,"href":"http:\/\/www.locacaodemaquinas.com.br\/site\/wp-json\/wp\/v2\/comments?post=2326"}],"wp:featuredmedia":[{"embeddable":true,"href":"http:\/\/www.locacaodemaquinas.com.br\/site\/wp-json\/wp\/v2\/media\/2328"}],"wp:attachment":[{"href":"http:\/\/www.locacaodemaquinas.com.br\/site\/wp-json\/wp\/v2\/media?parent=2326"}],"wp:term":[{"taxonomy":"product_cat","embeddable":true,"href":"http:\/\/www.locacaodemaquinas.com.br\/site\/wp-json\/wp\/v2\/product_cat?post=2326"},{"taxonomy":"product_tag","embeddable":true,"href":"http:\/\/www.locacaodemaquinas.com.br\/site\/wp-json\/wp\/v2\/product_tag?post=2326"}],"curies":[{"name":"wp","href":"https:\/\/api.w.org\/{rel}","templated":true}]}}