{"id":2327,"date":"2022-07-11T10:27:38","date_gmt":"2022-07-11T13:27:38","guid":{"rendered":"http:\/\/www.locacaodemaquinas.com.br\/site\/?post_type=product&#038;p=2327"},"modified":"2023-01-18T16:31:03","modified_gmt":"2023-01-18T19:31:03","slug":"fita-veda-rosca-polyfita","status":"publish","type":"product","link":"http:\/\/www.locacaodemaquinas.com.br\/site\/loja\/venda\/fitas\/fita-veda-rosca-polyfita\/","title":{"rendered":"Fita Veda Rosca 18mm &#8211; Polyfita"},"content":{"rendered":"<p>Desenvolvida para qualquer rosca que necessite de veda\u00e7\u00e3o tais como: Rosca e Conex\u00f5es de lat\u00e3o, cobre, a\u00e7o e pl\u00e1sticos. Veda\u00e7\u00e3o de tubula\u00e7\u00f5es hidr\u00e1ulica, \u00e1gua fria, \u00e1gua quente, vapor, combust\u00edveis e fluidos.<\/p>\n","protected":false},"excerpt":{"rendered":"<p>Desenvolvida para qualquer rosca que necessite de veda\u00e7\u00e3o tais como: Rosca e Conex\u00f5es de lat\u00e3o, cobre, a\u00e7o e pl\u00e1sticos. Veda\u00e7\u00e3o de tubula\u00e7\u00f5es hidr\u00e1ulica, \u00e1gua fria, \u00e1gua quente, vapor, combust\u00edveis e fluidos.<\/p>\n","protected":false},"featured_media":2329,"comment_status":"open","ping_status":"closed","template":"","meta":[],"product_cat":[45,516],"product_tag":[615,645,647,646],"acf":[],"_links":{"self":[{"href":"http:\/\/www.locacaodemaquinas.com.br\/site\/wp-json\/wp\/v2\/product\/2327"}],"collection":[{"href":"http:\/\/www.locacaodemaquinas.com.br\/site\/wp-json\/wp\/v2\/product"}],"about":[{"href":"http:\/\/www.locacaodemaquinas.com.br\/site\/wp-json\/wp\/v2\/types\/product"}],"replies":[{"embeddable":true,"href":"http:\/\/www.locacaodemaquinas.com.br\/site\/wp-json\/wp\/v2\/comments?post=2327"}],"wp:featuredmedia":[{"embeddable":true,"href":"http:\/\/www.locacaodemaquinas.com.br\/site\/wp-json\/wp\/v2\/media\/2329"}],"wp:attachment":[{"href":"http:\/\/www.locacaodemaquinas.com.br\/site\/wp-json\/wp\/v2\/media?parent=2327"}],"wp:term":[{"taxonomy":"product_cat","embeddable":true,"href":"http:\/\/www.locacaodemaquinas.com.br\/site\/wp-json\/wp\/v2\/product_cat?post=2327"},{"taxonomy":"product_tag","embeddable":true,"href":"http:\/\/www.locacaodemaquinas.com.br\/site\/wp-json\/wp\/v2\/product_tag?post=2327"}],"curies":[{"name":"wp","href":"https:\/\/api.w.org\/{rel}","templated":true}]}}