{"id":2333,"date":"2022-07-11T10:58:22","date_gmt":"2022-07-11T13:58:22","guid":{"rendered":"http:\/\/www.locacaodemaquinas.com.br\/site\/?post_type=product&#038;p=2333"},"modified":"2022-07-11T10:58:22","modified_gmt":"2022-07-11T13:58:22","slug":"fita-zebrada-para-seguranca-preto-e-amarelo-200m-plastcor","status":"publish","type":"product","link":"http:\/\/www.locacaodemaquinas.com.br\/site\/loja\/venda\/fitas\/fita-zebrada-para-seguranca-preto-e-amarelo-200m-plastcor\/","title":{"rendered":"Fita Zebrada para Seguran\u00e7a Preto e Amarelo 200m &#8211; Plastcor"},"content":{"rendered":"","protected":false},"excerpt":{"rendered":"<p>Fita para sinaliza\u00e7\u00e3o de seguran\u00e7a produzida a partir de um filme de polietileno de baixa densidade sem adesivo, com espessura de 30 micras, impresso em duas cores (preto\/amarelo) e colocada num tubete de papel\u00e3o com di\u00e2metro de 70mm.<\/p>\n","protected":false},"featured_media":2334,"comment_status":"open","ping_status":"closed","template":"","meta":[],"product_cat":[45,516],"product_tag":[615,649,650],"acf":[],"_links":{"self":[{"href":"http:\/\/www.locacaodemaquinas.com.br\/site\/wp-json\/wp\/v2\/product\/2333"}],"collection":[{"href":"http:\/\/www.locacaodemaquinas.com.br\/site\/wp-json\/wp\/v2\/product"}],"about":[{"href":"http:\/\/www.locacaodemaquinas.com.br\/site\/wp-json\/wp\/v2\/types\/product"}],"replies":[{"embeddable":true,"href":"http:\/\/www.locacaodemaquinas.com.br\/site\/wp-json\/wp\/v2\/comments?post=2333"}],"wp:featuredmedia":[{"embeddable":true,"href":"http:\/\/www.locacaodemaquinas.com.br\/site\/wp-json\/wp\/v2\/media\/2334"}],"wp:attachment":[{"href":"http:\/\/www.locacaodemaquinas.com.br\/site\/wp-json\/wp\/v2\/media?parent=2333"}],"wp:term":[{"taxonomy":"product_cat","embeddable":true,"href":"http:\/\/www.locacaodemaquinas.com.br\/site\/wp-json\/wp\/v2\/product_cat?post=2333"},{"taxonomy":"product_tag","embeddable":true,"href":"http:\/\/www.locacaodemaquinas.com.br\/site\/wp-json\/wp\/v2\/product_tag?post=2333"}],"curies":[{"name":"wp","href":"https:\/\/api.w.org\/{rel}","templated":true}]}}