{"id":2341,"date":"2022-07-12T12:11:39","date_gmt":"2022-07-12T15:11:39","guid":{"rendered":"http:\/\/www.locacaodemaquinas.com.br\/site\/?post_type=product&#038;p=2341"},"modified":"2022-07-13T10:22:33","modified_gmt":"2022-07-13T13:22:33","slug":"aparador-de-grama-eletrico-master-1000-plus-trapp","status":"publish","type":"product","link":"http:\/\/www.locacaodemaquinas.com.br\/site\/loja\/venda\/jardinagem-compras\/aparador-de-grama-eletrico-master-1000-plus-trapp\/","title":{"rendered":"Aparador de Grama El\u00e9trico Master 1000 Plus &#8211; Trapp"},"content":{"rendered":"","protected":false},"excerpt":{"rendered":"<p>Ideal para acabamentos em jardins, bordas de canteiros, rente a \u00e1rvores, entre plantas<br \/>\ne flores, junto a cal\u00e7adas, muros e outros obst\u00e1culos, como tamb\u00e9m para cortar grama<br \/>\nem \u00e1reas de at\u00e9 50 m\u00b2.<br \/>\nPunho de sustenta\u00e7\u00e3o com ajuste regul\u00e1vel.<br \/>\nTrava para extens\u00e3o el\u00e9trica.<br \/>\nFio de nylon para o corte de grama com avan\u00e7o autom\u00e1tico.<br \/>\nMotor universal (escovas) com duplo rolamento blindado e tecnologia UL (Ultra<br \/>\nLight), motores mais leves.<br \/>\nGarantia: 12 meses (3 meses garantia legal, 9 meses garantia especial TRAPP).<\/p>\n","protected":false},"featured_media":2352,"comment_status":"open","ping_status":"closed","template":"","meta":[],"product_cat":[45,518],"product_tag":[655,276,340],"acf":[],"_links":{"self":[{"href":"http:\/\/www.locacaodemaquinas.com.br\/site\/wp-json\/wp\/v2\/product\/2341"}],"collection":[{"href":"http:\/\/www.locacaodemaquinas.com.br\/site\/wp-json\/wp\/v2\/product"}],"about":[{"href":"http:\/\/www.locacaodemaquinas.com.br\/site\/wp-json\/wp\/v2\/types\/product"}],"replies":[{"embeddable":true,"href":"http:\/\/www.locacaodemaquinas.com.br\/site\/wp-json\/wp\/v2\/comments?post=2341"}],"wp:featuredmedia":[{"embeddable":true,"href":"http:\/\/www.locacaodemaquinas.com.br\/site\/wp-json\/wp\/v2\/media\/2352"}],"wp:attachment":[{"href":"http:\/\/www.locacaodemaquinas.com.br\/site\/wp-json\/wp\/v2\/media?parent=2341"}],"wp:term":[{"taxonomy":"product_cat","embeddable":true,"href":"http:\/\/www.locacaodemaquinas.com.br\/site\/wp-json\/wp\/v2\/product_cat?post=2341"},{"taxonomy":"product_tag","embeddable":true,"href":"http:\/\/www.locacaodemaquinas.com.br\/site\/wp-json\/wp\/v2\/product_tag?post=2341"}],"curies":[{"name":"wp","href":"https:\/\/api.w.org\/{rel}","templated":true}]}}