{"id":2342,"date":"2022-07-12T12:12:35","date_gmt":"2022-07-12T15:12:35","guid":{"rendered":"http:\/\/www.locacaodemaquinas.com.br\/site\/?post_type=product&#038;p=2342"},"modified":"2022-07-13T10:23:26","modified_gmt":"2022-07-13T13:23:26","slug":"aparador-de-grama-eletrico-master-at-1800-trapp","status":"publish","type":"product","link":"http:\/\/www.locacaodemaquinas.com.br\/site\/loja\/venda\/jardinagem-compras\/aparador-de-grama-eletrico-master-at-1800-trapp\/","title":{"rendered":"Aparador de Grama El\u00e9trico Master AT-1800 &#8211; Trapp"},"content":{"rendered":"<p>Punho de sustenta\u00e7\u00e3o com ajuste regul\u00e1vel.<br \/>\nTrava para extens\u00e3o el\u00e9trica.<br \/>\nFio de nylon para o corte de grama com avan\u00e7o autom\u00e1tico.<br \/>\nMotor universal (escovas) com duplo rolamento blindado e tecnologia UL<br \/>\n(Ultra Light), motores mais leves.<br \/>\nGarantia: 12 meses (3 meses garantia legal, 9 meses garantia especial TRAPP).<\/p>\n","protected":false},"excerpt":{"rendered":"<div class=\"vc_custom_heading_wrap \">\n<p class=\"heading-text el-text\">Ideal para acabamentos em jardins, bordas de canteiros, rente a \u00e1rvores, entre plantas e flores, junto a cal\u00e7adas, muros e outros obst\u00e1culos, como tamb\u00e9m para cortar grama em \u00e1reas de at\u00e9 100 m\u00b2.<\/p>\n<\/div>\n<div class=\"uncode_text_column text-color-130045-color\">\n<p>&nbsp;<\/p>\n<\/div>\n","protected":false},"featured_media":2353,"comment_status":"open","ping_status":"closed","template":"","meta":[],"product_cat":[45,518],"product_tag":[655,276,340],"acf":[],"_links":{"self":[{"href":"http:\/\/www.locacaodemaquinas.com.br\/site\/wp-json\/wp\/v2\/product\/2342"}],"collection":[{"href":"http:\/\/www.locacaodemaquinas.com.br\/site\/wp-json\/wp\/v2\/product"}],"about":[{"href":"http:\/\/www.locacaodemaquinas.com.br\/site\/wp-json\/wp\/v2\/types\/product"}],"replies":[{"embeddable":true,"href":"http:\/\/www.locacaodemaquinas.com.br\/site\/wp-json\/wp\/v2\/comments?post=2342"}],"wp:featuredmedia":[{"embeddable":true,"href":"http:\/\/www.locacaodemaquinas.com.br\/site\/wp-json\/wp\/v2\/media\/2353"}],"wp:attachment":[{"href":"http:\/\/www.locacaodemaquinas.com.br\/site\/wp-json\/wp\/v2\/media?parent=2342"}],"wp:term":[{"taxonomy":"product_cat","embeddable":true,"href":"http:\/\/www.locacaodemaquinas.com.br\/site\/wp-json\/wp\/v2\/product_cat?post=2342"},{"taxonomy":"product_tag","embeddable":true,"href":"http:\/\/www.locacaodemaquinas.com.br\/site\/wp-json\/wp\/v2\/product_tag?post=2342"}],"curies":[{"name":"wp","href":"https:\/\/api.w.org\/{rel}","templated":true}]}}