{"id":2373,"date":"2022-07-13T12:21:40","date_gmt":"2022-07-13T15:21:40","guid":{"rendered":"http:\/\/www.locacaodemaquinas.com.br\/site\/?post_type=product&#038;p=2373"},"modified":"2022-07-14T11:06:35","modified_gmt":"2022-07-14T14:06:35","slug":"cortador-de-grama-eletrico-sl-350-trapp","status":"publish","type":"product","link":"http:\/\/www.locacaodemaquinas.com.br\/site\/loja\/venda\/jardinagem-compras\/cortador-de-grama-eletrico-sl-350-trapp\/","title":{"rendered":"Cortador de Grama El\u00e9trico SL-350 &#8211; Trapp"},"content":{"rendered":"<p>Equipados com bot\u00e3o trava de seguran\u00e7a que impede o acionamento acidental da m\u00e1quina, liberando a partida do motor somente quando pressionado.<\/p>\n<p>Chave el\u00e9trica interruptora bipolar que permite isola\u00e7\u00e3o total, independente da posi\u00e7\u00e3o do plugue na tomada.<\/p>\n<p>Cabo ergon\u00f4mico para maior conforto do operador, dobr\u00e1vel, facilitando o transporte e armazenamento.<\/p>\n<p>Trava para extens\u00e3o el\u00e9trica.<\/p>\n<p>Rodas de polietileno de alta densidade revestidas com PVC.<\/p>\n<p>Motores de indu\u00e7\u00e3o, monof\u00e1sicos de 2 polos, instalados num compartimento de polietileno de alta densidade (para prote\u00e7\u00e3o contra descargas el\u00e9tricas).<\/p>\n<p>Base: Em chapa de a\u00e7o de 1,5 mm de espessura.<\/p>\n<p>L\u00e2mina: Em a\u00e7o especial com espessura de 2,35 mm, com t\u00eampera total, fixada ao motor atrav\u00e9s de pe\u00e7as feitas em nylon de alta resist\u00eancia, obtendo total isola\u00e7\u00e3o contra choques el\u00e9tricos.<\/p>\n<p>Regulagem de altura de corte: Em 5 posi\u00e7\u00f5es, com varia\u00e7\u00e3o de 3 a 8,1 cm (sistema de regulagem de altura individual nas 4 rodas).<\/p>\n<p>Acabamento: Todas as pe\u00e7as met\u00e1licas recebem tratamento anticorrosivo e pintura com tinta a p\u00f3 de poli\u00e9ster polimerizado em estufa a 220 \u00b0C, garantindo maior durabilidade e acabamento.<\/p>\n<p>Rendimento aproximado: 500 m\u00b2\/h.<\/p>\n<p>Garantia: 12 meses (3 meses garantia legal, 9 meses garantia especial TRAPP).<\/p>\n","protected":false},"excerpt":{"rendered":"<p>Recomendados para jardins residenciais de aproximadamente 500 m\u00b2.<\/p>\n","protected":false},"featured_media":2386,"comment_status":"open","ping_status":"closed","template":"","meta":[],"product_cat":[45,518],"product_tag":[664,276,341,339,340],"acf":[],"_links":{"self":[{"href":"http:\/\/www.locacaodemaquinas.com.br\/site\/wp-json\/wp\/v2\/product\/2373"}],"collection":[{"href":"http:\/\/www.locacaodemaquinas.com.br\/site\/wp-json\/wp\/v2\/product"}],"about":[{"href":"http:\/\/www.locacaodemaquinas.com.br\/site\/wp-json\/wp\/v2\/types\/product"}],"replies":[{"embeddable":true,"href":"http:\/\/www.locacaodemaquinas.com.br\/site\/wp-json\/wp\/v2\/comments?post=2373"}],"wp:featuredmedia":[{"embeddable":true,"href":"http:\/\/www.locacaodemaquinas.com.br\/site\/wp-json\/wp\/v2\/media\/2386"}],"wp:attachment":[{"href":"http:\/\/www.locacaodemaquinas.com.br\/site\/wp-json\/wp\/v2\/media?parent=2373"}],"wp:term":[{"taxonomy":"product_cat","embeddable":true,"href":"http:\/\/www.locacaodemaquinas.com.br\/site\/wp-json\/wp\/v2\/product_cat?post=2373"},{"taxonomy":"product_tag","embeddable":true,"href":"http:\/\/www.locacaodemaquinas.com.br\/site\/wp-json\/wp\/v2\/product_tag?post=2373"}],"curies":[{"name":"wp","href":"https:\/\/api.w.org\/{rel}","templated":true}]}}