{"id":2374,"date":"2022-07-13T12:27:19","date_gmt":"2022-07-13T15:27:19","guid":{"rendered":"http:\/\/www.locacaodemaquinas.com.br\/site\/?post_type=product&#038;p=2374"},"modified":"2022-07-14T11:04:01","modified_gmt":"2022-07-14T14:04:01","slug":"conector-em-bronze-1-2-dy-8014c-trapp","status":"publish","type":"product","link":"http:\/\/www.locacaodemaquinas.com.br\/site\/loja\/venda\/jardinagem-compras\/conector-em-bronze-1-2-dy-8014c-trapp\/","title":{"rendered":"Conector em Bronze 1\/2 DY 8014C &#8211; Trapp"},"content":{"rendered":"<p><strong>Aplica\u00e7\u00e3o<br \/>\n<\/strong>Ideal para emendar mangueiras.<\/p>\n","protected":false},"excerpt":{"rendered":"<p>Linha bronze \u00e9 ultrarresistente \u00e0 oxida\u00e7\u00e3o e intemp\u00e9ries do tempo.<\/p>\n","protected":false},"featured_media":2383,"comment_status":"open","ping_status":"closed","template":"","meta":[],"product_cat":[45,518,521],"product_tag":[665,666,340],"acf":[],"_links":{"self":[{"href":"http:\/\/www.locacaodemaquinas.com.br\/site\/wp-json\/wp\/v2\/product\/2374"}],"collection":[{"href":"http:\/\/www.locacaodemaquinas.com.br\/site\/wp-json\/wp\/v2\/product"}],"about":[{"href":"http:\/\/www.locacaodemaquinas.com.br\/site\/wp-json\/wp\/v2\/types\/product"}],"replies":[{"embeddable":true,"href":"http:\/\/www.locacaodemaquinas.com.br\/site\/wp-json\/wp\/v2\/comments?post=2374"}],"wp:featuredmedia":[{"embeddable":true,"href":"http:\/\/www.locacaodemaquinas.com.br\/site\/wp-json\/wp\/v2\/media\/2383"}],"wp:attachment":[{"href":"http:\/\/www.locacaodemaquinas.com.br\/site\/wp-json\/wp\/v2\/media?parent=2374"}],"wp:term":[{"taxonomy":"product_cat","embeddable":true,"href":"http:\/\/www.locacaodemaquinas.com.br\/site\/wp-json\/wp\/v2\/product_cat?post=2374"},{"taxonomy":"product_tag","embeddable":true,"href":"http:\/\/www.locacaodemaquinas.com.br\/site\/wp-json\/wp\/v2\/product_tag?post=2374"}],"curies":[{"name":"wp","href":"https:\/\/api.w.org\/{rel}","templated":true}]}}