{"id":2376,"date":"2022-07-13T12:42:30","date_gmt":"2022-07-13T15:42:30","guid":{"rendered":"http:\/\/www.locacaodemaquinas.com.br\/site\/?post_type=product&#038;p=2376"},"modified":"2022-07-14T10:52:16","modified_gmt":"2022-07-14T13:52:16","slug":"engate-rapido-stop-em-bronze-1-2-dy-8011c-trapp","status":"publish","type":"product","link":"http:\/\/www.locacaodemaquinas.com.br\/site\/loja\/venda\/jardinagem-compras\/engate-rapido-stop-em-bronze-1-2-dy-8011c-trapp\/","title":{"rendered":"Engate R\u00e1pido Stop em Bronze 1\/2 DY 8011C &#8211; Trapp"},"content":{"rendered":"<p><strong>Aplica\u00e7\u00e3o<br \/>\n<\/strong>Ideal para emendar mangueiras, utilizado em conjunto com adaptador e uni\u00e3o para mangueiras.<\/p>\n","protected":false},"excerpt":{"rendered":"<p>Linha bronze \u00e9 ultrarresistente \u00e0 oxida\u00e7\u00e3o e intemp\u00e9ries do tempo.<\/p>\n<p>Com interruptor de fluxo de \u00e1gua.<\/p>\n","protected":false},"featured_media":2383,"comment_status":"open","ping_status":"closed","template":"","meta":[],"product_cat":[45,518,521],"product_tag":[668,667,336,666,340],"acf":[],"_links":{"self":[{"href":"http:\/\/www.locacaodemaquinas.com.br\/site\/wp-json\/wp\/v2\/product\/2376"}],"collection":[{"href":"http:\/\/www.locacaodemaquinas.com.br\/site\/wp-json\/wp\/v2\/product"}],"about":[{"href":"http:\/\/www.locacaodemaquinas.com.br\/site\/wp-json\/wp\/v2\/types\/product"}],"replies":[{"embeddable":true,"href":"http:\/\/www.locacaodemaquinas.com.br\/site\/wp-json\/wp\/v2\/comments?post=2376"}],"wp:featuredmedia":[{"embeddable":true,"href":"http:\/\/www.locacaodemaquinas.com.br\/site\/wp-json\/wp\/v2\/media\/2383"}],"wp:attachment":[{"href":"http:\/\/www.locacaodemaquinas.com.br\/site\/wp-json\/wp\/v2\/media?parent=2376"}],"wp:term":[{"taxonomy":"product_cat","embeddable":true,"href":"http:\/\/www.locacaodemaquinas.com.br\/site\/wp-json\/wp\/v2\/product_cat?post=2376"},{"taxonomy":"product_tag","embeddable":true,"href":"http:\/\/www.locacaodemaquinas.com.br\/site\/wp-json\/wp\/v2\/product_tag?post=2376"}],"curies":[{"name":"wp","href":"https:\/\/api.w.org\/{rel}","templated":true}]}}