{"id":2378,"date":"2022-07-13T12:52:11","date_gmt":"2022-07-13T15:52:11","guid":{"rendered":"http:\/\/www.locacaodemaquinas.com.br\/site\/?post_type=product&#038;p=2378"},"modified":"2022-07-14T11:26:23","modified_gmt":"2022-07-14T14:26:23","slug":"esguicho-ajustavel-para-mangueiras-dy-3011-trapp","status":"publish","type":"product","link":"http:\/\/www.locacaodemaquinas.com.br\/site\/loja\/venda\/jardinagem-compras\/esguicho-ajustavel-para-mangueiras-dy-3011-trapp\/","title":{"rendered":"Esguicho Ajust\u00e1vel para Mangueiras DY 3011 &#8211; Trapp"},"content":{"rendered":"<p><strong>Aplica\u00e7\u00e3o<\/strong><br \/>\nPara irriga\u00e7\u00e3o de hortas e jardins.<\/p>\n","protected":false},"excerpt":{"rendered":"<p>Fabricado em pl\u00e1stico refor\u00e7ado.<\/p>\n<p>Com anel de borracha para perfeita veda\u00e7\u00e3o.<\/p>\n","protected":false},"featured_media":2393,"comment_status":"open","ping_status":"closed","template":"","meta":[],"product_cat":[45,518],"product_tag":[672,674,673,340],"acf":[],"_links":{"self":[{"href":"http:\/\/www.locacaodemaquinas.com.br\/site\/wp-json\/wp\/v2\/product\/2378"}],"collection":[{"href":"http:\/\/www.locacaodemaquinas.com.br\/site\/wp-json\/wp\/v2\/product"}],"about":[{"href":"http:\/\/www.locacaodemaquinas.com.br\/site\/wp-json\/wp\/v2\/types\/product"}],"replies":[{"embeddable":true,"href":"http:\/\/www.locacaodemaquinas.com.br\/site\/wp-json\/wp\/v2\/comments?post=2378"}],"wp:featuredmedia":[{"embeddable":true,"href":"http:\/\/www.locacaodemaquinas.com.br\/site\/wp-json\/wp\/v2\/media\/2393"}],"wp:attachment":[{"href":"http:\/\/www.locacaodemaquinas.com.br\/site\/wp-json\/wp\/v2\/media?parent=2378"}],"wp:term":[{"taxonomy":"product_cat","embeddable":true,"href":"http:\/\/www.locacaodemaquinas.com.br\/site\/wp-json\/wp\/v2\/product_cat?post=2378"},{"taxonomy":"product_tag","embeddable":true,"href":"http:\/\/www.locacaodemaquinas.com.br\/site\/wp-json\/wp\/v2\/product_tag?post=2378"}],"curies":[{"name":"wp","href":"https:\/\/api.w.org\/{rel}","templated":true}]}}