{"id":2380,"date":"2022-07-13T13:03:20","date_gmt":"2022-07-13T16:03:20","guid":{"rendered":"http:\/\/www.locacaodemaquinas.com.br\/site\/?post_type=product&#038;p=2380"},"modified":"2022-07-14T13:05:08","modified_gmt":"2022-07-14T16:05:08","slug":"serrote-poda-trapp-cabo-emborrachado-12-fj1132","status":"publish","type":"product","link":"http:\/\/www.locacaodemaquinas.com.br\/site\/loja\/venda\/jardinagem-compras\/serrote-poda-trapp-cabo-emborrachado-12-fj1132\/","title":{"rendered":"Serrote Poda com Cabo Emborrachado 12&#8243; FJ 1132 &#8211; Trapp"},"content":{"rendered":"<p><strong>Aplica\u00e7\u00e3o<\/strong><br \/>\nIndicado para o corte de madeira verde.<\/p>\n","protected":false},"excerpt":{"rendered":"<p>Dentes travados e ligeiramente inclinados para tr\u00e1s, tornam a opera\u00e7\u00e3o de corte mais leve e precisa.<\/p>\n<p>O cabo emborrachado torna seu manuseio confort\u00e1vel.<\/p>\n","protected":false},"featured_media":2385,"comment_status":"open","ping_status":"closed","template":"","meta":[],"product_cat":[45,518],"product_tag":[336,663,683,340],"acf":[],"_links":{"self":[{"href":"http:\/\/www.locacaodemaquinas.com.br\/site\/wp-json\/wp\/v2\/product\/2380"}],"collection":[{"href":"http:\/\/www.locacaodemaquinas.com.br\/site\/wp-json\/wp\/v2\/product"}],"about":[{"href":"http:\/\/www.locacaodemaquinas.com.br\/site\/wp-json\/wp\/v2\/types\/product"}],"replies":[{"embeddable":true,"href":"http:\/\/www.locacaodemaquinas.com.br\/site\/wp-json\/wp\/v2\/comments?post=2380"}],"wp:featuredmedia":[{"embeddable":true,"href":"http:\/\/www.locacaodemaquinas.com.br\/site\/wp-json\/wp\/v2\/media\/2385"}],"wp:attachment":[{"href":"http:\/\/www.locacaodemaquinas.com.br\/site\/wp-json\/wp\/v2\/media?parent=2380"}],"wp:term":[{"taxonomy":"product_cat","embeddable":true,"href":"http:\/\/www.locacaodemaquinas.com.br\/site\/wp-json\/wp\/v2\/product_cat?post=2380"},{"taxonomy":"product_tag","embeddable":true,"href":"http:\/\/www.locacaodemaquinas.com.br\/site\/wp-json\/wp\/v2\/product_tag?post=2380"}],"curies":[{"name":"wp","href":"https:\/\/api.w.org\/{rel}","templated":true}]}}