{"id":2396,"date":"2022-07-14T13:11:37","date_gmt":"2022-07-14T16:11:37","guid":{"rendered":"http:\/\/www.locacaodemaquinas.com.br\/site\/?post_type=product&#038;p=2396"},"modified":"2022-07-15T10:47:14","modified_gmt":"2022-07-15T13:47:14","slug":"serrote-de-poda-com-cabo-longo-fj-1133-trapp","status":"publish","type":"product","link":"http:\/\/www.locacaodemaquinas.com.br\/site\/loja\/venda\/jardinagem-compras\/serrote-de-poda-com-cabo-longo-fj-1133-trapp\/","title":{"rendered":"Serrote de Poda com Cabo Longo FJ 1133 &#8211; Trapp"},"content":{"rendered":"<p><strong>Aplica\u00e7\u00e3o<\/strong><br \/>\nIndicado para o corte de madeira verde.<\/p>\n","protected":false},"excerpt":{"rendered":"<p>Dentes travados e ligeiramente inclinados para tr\u00e1s, tornam a opera\u00e7\u00e3o de corte mais leve e precisa.<\/p>\n<p>O cabo de madeira permite o corte com altura de at\u00e9 3 metros.<\/p>\n<p>&nbsp;<\/p>\n","protected":false},"featured_media":2385,"comment_status":"open","ping_status":"closed","template":"","meta":[],"product_cat":[45,518],"product_tag":[336,684,663,683,340],"acf":[],"_links":{"self":[{"href":"http:\/\/www.locacaodemaquinas.com.br\/site\/wp-json\/wp\/v2\/product\/2396"}],"collection":[{"href":"http:\/\/www.locacaodemaquinas.com.br\/site\/wp-json\/wp\/v2\/product"}],"about":[{"href":"http:\/\/www.locacaodemaquinas.com.br\/site\/wp-json\/wp\/v2\/types\/product"}],"replies":[{"embeddable":true,"href":"http:\/\/www.locacaodemaquinas.com.br\/site\/wp-json\/wp\/v2\/comments?post=2396"}],"wp:featuredmedia":[{"embeddable":true,"href":"http:\/\/www.locacaodemaquinas.com.br\/site\/wp-json\/wp\/v2\/media\/2385"}],"wp:attachment":[{"href":"http:\/\/www.locacaodemaquinas.com.br\/site\/wp-json\/wp\/v2\/media?parent=2396"}],"wp:term":[{"taxonomy":"product_cat","embeddable":true,"href":"http:\/\/www.locacaodemaquinas.com.br\/site\/wp-json\/wp\/v2\/product_cat?post=2396"},{"taxonomy":"product_tag","embeddable":true,"href":"http:\/\/www.locacaodemaquinas.com.br\/site\/wp-json\/wp\/v2\/product_tag?post=2396"}],"curies":[{"name":"wp","href":"https:\/\/api.w.org\/{rel}","templated":true}]}}