{"id":2403,"date":"2022-07-14T17:21:14","date_gmt":"2022-07-14T20:21:14","guid":{"rendered":"http:\/\/www.locacaodemaquinas.com.br\/site\/?post_type=product&#038;p=2403"},"modified":"2022-07-15T11:03:12","modified_gmt":"2022-07-15T14:03:12","slug":"tesoura-para-colheita-e-desbaste-ts-803-b-185-cm-trapp","status":"publish","type":"product","link":"http:\/\/www.locacaodemaquinas.com.br\/site\/loja\/venda\/jardinagem-compras\/tesoura-para-colheita-e-desbaste-ts-803-b-185-cm-trapp\/","title":{"rendered":"Tesoura para Colheita e Desbaste TS 803-B (18,5 cm) &#8211; Trapp"},"content":{"rendered":"<p><strong>Aplica\u00e7\u00e3o<\/strong><br \/>\nIdeal para colher frutas, brotos, flores e vegetais.<\/p>\n","protected":false},"excerpt":{"rendered":"<p>Capacidade de corte: \u00d83 cm.<\/p>\n<p>L\u00e2mina de a\u00e7o alto carbono, cabo anat\u00f4mico de a\u00e7o e punhos revestidos com pl\u00e1stico PVC antideslizante.<\/p>\n<p>Trava de seguran\u00e7a em al\u00e7a para manter a tesoura fechada.<\/p>\n<p>&nbsp;<\/p>\n","protected":false},"featured_media":2419,"comment_status":"open","ping_status":"closed","template":"","meta":[],"product_cat":[45,518],"product_tag":[687,688,336,658,340],"acf":[],"_links":{"self":[{"href":"http:\/\/www.locacaodemaquinas.com.br\/site\/wp-json\/wp\/v2\/product\/2403"}],"collection":[{"href":"http:\/\/www.locacaodemaquinas.com.br\/site\/wp-json\/wp\/v2\/product"}],"about":[{"href":"http:\/\/www.locacaodemaquinas.com.br\/site\/wp-json\/wp\/v2\/types\/product"}],"replies":[{"embeddable":true,"href":"http:\/\/www.locacaodemaquinas.com.br\/site\/wp-json\/wp\/v2\/comments?post=2403"}],"wp:featuredmedia":[{"embeddable":true,"href":"http:\/\/www.locacaodemaquinas.com.br\/site\/wp-json\/wp\/v2\/media\/2419"}],"wp:attachment":[{"href":"http:\/\/www.locacaodemaquinas.com.br\/site\/wp-json\/wp\/v2\/media?parent=2403"}],"wp:term":[{"taxonomy":"product_cat","embeddable":true,"href":"http:\/\/www.locacaodemaquinas.com.br\/site\/wp-json\/wp\/v2\/product_cat?post=2403"},{"taxonomy":"product_tag","embeddable":true,"href":"http:\/\/www.locacaodemaquinas.com.br\/site\/wp-json\/wp\/v2\/product_tag?post=2403"}],"curies":[{"name":"wp","href":"https:\/\/api.w.org\/{rel}","templated":true}]}}