{"id":2405,"date":"2022-07-14T17:25:27","date_gmt":"2022-07-14T20:25:27","guid":{"rendered":"http:\/\/www.locacaodemaquinas.com.br\/site\/?post_type=product&#038;p=2405"},"modified":"2022-07-15T10:57:16","modified_gmt":"2022-07-15T13:57:16","slug":"tesourao-para-poda-by-pass-ts-30850-70cm-trapp","status":"publish","type":"product","link":"http:\/\/www.locacaodemaquinas.com.br\/site\/loja\/venda\/jardinagem-compras\/tesourao-para-poda-by-pass-ts-30850-70cm-trapp\/","title":{"rendered":"Tesour\u00e3o para Poda By-pass TS 30850 (70cm) &#8211; Trapp"},"content":{"rendered":"<p><strong>Aplica\u00e7\u00e3o<\/strong><br \/>\nIdeal para poda de \u00e1rvores.<\/p>\n","protected":false},"excerpt":{"rendered":"<p>Cabo em tubos ovais de a\u00e7o, com empunhadura ergon\u00f4mica antiderrapante.<\/p>\n<p>L\u00e2mina de a\u00e7o carbono teflonado.<\/p>\n<p>Di\u00e2metro de corte: 24 mm.<\/p>\n<p>\u00c2ngulo de corte: 45\u00b0 (podendo variar at\u00e9 5\u00b0)<\/p>\n","protected":false},"featured_media":2415,"comment_status":"open","ping_status":"closed","template":"","meta":[],"product_cat":[45,518],"product_tag":[689,336,663,658,690,340],"acf":[],"_links":{"self":[{"href":"http:\/\/www.locacaodemaquinas.com.br\/site\/wp-json\/wp\/v2\/product\/2405"}],"collection":[{"href":"http:\/\/www.locacaodemaquinas.com.br\/site\/wp-json\/wp\/v2\/product"}],"about":[{"href":"http:\/\/www.locacaodemaquinas.com.br\/site\/wp-json\/wp\/v2\/types\/product"}],"replies":[{"embeddable":true,"href":"http:\/\/www.locacaodemaquinas.com.br\/site\/wp-json\/wp\/v2\/comments?post=2405"}],"wp:featuredmedia":[{"embeddable":true,"href":"http:\/\/www.locacaodemaquinas.com.br\/site\/wp-json\/wp\/v2\/media\/2415"}],"wp:attachment":[{"href":"http:\/\/www.locacaodemaquinas.com.br\/site\/wp-json\/wp\/v2\/media?parent=2405"}],"wp:term":[{"taxonomy":"product_cat","embeddable":true,"href":"http:\/\/www.locacaodemaquinas.com.br\/site\/wp-json\/wp\/v2\/product_cat?post=2405"},{"taxonomy":"product_tag","embeddable":true,"href":"http:\/\/www.locacaodemaquinas.com.br\/site\/wp-json\/wp\/v2\/product_tag?post=2405"}],"curies":[{"name":"wp","href":"https:\/\/api.w.org\/{rel}","templated":true}]}}