{"id":2406,"date":"2022-07-14T17:53:48","date_gmt":"2022-07-14T20:53:48","guid":{"rendered":"http:\/\/www.locacaodemaquinas.com.br\/site\/?post_type=product&#038;p=2406"},"modified":"2022-07-15T17:02:04","modified_gmt":"2022-07-15T20:02:04","slug":"esguicho-tipo-pistola-7-posicoes-de-jato-ajustavel-palisad","status":"publish","type":"product","link":"http:\/\/www.locacaodemaquinas.com.br\/site\/loja\/venda\/jardinagem-compras\/esguicho-tipo-pistola-7-posicoes-de-jato-ajustavel-palisad\/","title":{"rendered":"Esguicho Tipo Pistola 7 Posi\u00e7\u00f5es de Jato Ajust\u00e1vel &#8211; Palisad"},"content":{"rendered":"<p>*Imagens meramente ilustrativas<\/p>\n<p>*Todas as informa\u00e7\u00f5es divulgadas s\u00e3o de responsabilidade do Fabricante\/Fornecedor<\/p>\n","protected":false},"excerpt":{"rendered":"<p>Esguincho tipo pistola 7 posi\u00e7\u00f5es de jato ajustavel, projetado para todos os tipos de irriga\u00e7\u00e3o em casas de campo, jardins e parques, bem como para purifica\u00e7\u00e3o, corpo, cabo e gatilho s\u00e3o feitos de pl\u00e1stico-ABS resistente.<\/p>\n","protected":false},"featured_media":2429,"comment_status":"open","ping_status":"closed","template":"","meta":[],"product_cat":[45,518,521],"product_tag":[672,336,666,691],"acf":[],"_links":{"self":[{"href":"http:\/\/www.locacaodemaquinas.com.br\/site\/wp-json\/wp\/v2\/product\/2406"}],"collection":[{"href":"http:\/\/www.locacaodemaquinas.com.br\/site\/wp-json\/wp\/v2\/product"}],"about":[{"href":"http:\/\/www.locacaodemaquinas.com.br\/site\/wp-json\/wp\/v2\/types\/product"}],"replies":[{"embeddable":true,"href":"http:\/\/www.locacaodemaquinas.com.br\/site\/wp-json\/wp\/v2\/comments?post=2406"}],"wp:featuredmedia":[{"embeddable":true,"href":"http:\/\/www.locacaodemaquinas.com.br\/site\/wp-json\/wp\/v2\/media\/2429"}],"wp:attachment":[{"href":"http:\/\/www.locacaodemaquinas.com.br\/site\/wp-json\/wp\/v2\/media?parent=2406"}],"wp:term":[{"taxonomy":"product_cat","embeddable":true,"href":"http:\/\/www.locacaodemaquinas.com.br\/site\/wp-json\/wp\/v2\/product_cat?post=2406"},{"taxonomy":"product_tag","embeddable":true,"href":"http:\/\/www.locacaodemaquinas.com.br\/site\/wp-json\/wp\/v2\/product_tag?post=2406"}],"curies":[{"name":"wp","href":"https:\/\/api.w.org\/{rel}","templated":true}]}}