{"id":2409,"date":"2022-07-14T18:01:59","date_gmt":"2022-07-14T21:01:59","guid":{"rendered":"http:\/\/www.locacaodemaquinas.com.br\/site\/?post_type=product&#038;p=2409"},"modified":"2022-07-15T10:53:17","modified_gmt":"2022-07-15T13:53:17","slug":"tesourao-trapp-poda-cabo-telescopico-66cmx1m-ts40836","status":"publish","type":"product","link":"http:\/\/www.locacaodemaquinas.com.br\/site\/loja\/venda\/jardinagem-compras\/tesourao-trapp-poda-cabo-telescopico-66cmx1m-ts40836\/","title":{"rendered":"Tesour\u00e3o de Poda com Cabo Telesc\u00f3pico (66cm x 1m) TS40836 &#8211; Trapp"},"content":{"rendered":"<p><strong>Aplica\u00e7\u00e3o<\/strong><br \/>\nPara poda pesada, corte de galhos, \u00e1rvores, etc.<\/p>\n","protected":false},"excerpt":{"rendered":"<p>Cabo telesc\u00f3pico de a\u00e7o \u2013 ajust\u00e1vel de 66 cm a 1 metro, empunhadura ergon\u00f4mica antiderrapante.<\/p>\n<p>L\u00e2mina ondulada em a\u00e7o carbono teflonado.<\/p>\n<p>Di\u00e2metro de corte: 24 mm.<\/p>\n<p>\u00c2ngulo de corte: 45\u00b0 (podendo variar at\u00e9 5\u00b0)<\/p>\n","protected":false},"featured_media":2420,"comment_status":"open","ping_status":"closed","template":"","meta":[],"product_cat":[45,518],"product_tag":[694,336,663,658,690,340],"acf":[],"_links":{"self":[{"href":"http:\/\/www.locacaodemaquinas.com.br\/site\/wp-json\/wp\/v2\/product\/2409"}],"collection":[{"href":"http:\/\/www.locacaodemaquinas.com.br\/site\/wp-json\/wp\/v2\/product"}],"about":[{"href":"http:\/\/www.locacaodemaquinas.com.br\/site\/wp-json\/wp\/v2\/types\/product"}],"replies":[{"embeddable":true,"href":"http:\/\/www.locacaodemaquinas.com.br\/site\/wp-json\/wp\/v2\/comments?post=2409"}],"wp:featuredmedia":[{"embeddable":true,"href":"http:\/\/www.locacaodemaquinas.com.br\/site\/wp-json\/wp\/v2\/media\/2420"}],"wp:attachment":[{"href":"http:\/\/www.locacaodemaquinas.com.br\/site\/wp-json\/wp\/v2\/media?parent=2409"}],"wp:term":[{"taxonomy":"product_cat","embeddable":true,"href":"http:\/\/www.locacaodemaquinas.com.br\/site\/wp-json\/wp\/v2\/product_cat?post=2409"},{"taxonomy":"product_tag","embeddable":true,"href":"http:\/\/www.locacaodemaquinas.com.br\/site\/wp-json\/wp\/v2\/product_tag?post=2409"}],"curies":[{"name":"wp","href":"https:\/\/api.w.org\/{rel}","templated":true}]}}