{"id":2459,"date":"2022-07-19T09:49:23","date_gmt":"2022-07-19T12:49:23","guid":{"rendered":"http:\/\/www.locacaodemaquinas.com.br\/site\/?post_type=product&#038;p=2459"},"modified":"2022-07-19T11:02:39","modified_gmt":"2022-07-19T14:02:39","slug":"oleo-20w5c-essencial-4t-1l-lubrax","status":"publish","type":"product","link":"http:\/\/www.locacaodemaquinas.com.br\/site\/loja\/venda\/lubrificacao\/oleo-20w5c-essencial-4t-1l-lubrax\/","title":{"rendered":"\u00d3leo Essencial SL 4T 1L &#8211; Lubrax"},"content":{"rendered":"<p><strong>Caracter\u00edsticas e Benef\u00edcios<\/strong><\/p>\n<ul>\n<li>Oferece uma maior prote\u00e7\u00e3o contra a forma\u00e7\u00e3o de borras e dep\u00f3sitos, mesmo a altas temperaturas, reduzindo o desgaste e a corros\u00e3o das partes lubrificadas;<\/li>\n<li>Possui elevada resist\u00eancia a oxida\u00e7\u00e3o e aditiva\u00e7\u00e3o que confere ao \u00f3leo uma elevada estabilidade t\u00e9rmica;<\/li>\n<li>Excelente desempenho em qualquer temperatura, permitindo partidas r\u00e1pidas, mesmo a baixas temperaturas.<\/li>\n<\/ul>\n","protected":false},"excerpt":{"rendered":"<p><strong>Lubrificante mineral para motores \u00e0 gasolina\/flex<\/strong><\/p>\n<p>\u00d3leo lubrificante mineral multiviscoso para uso nos motores a gasolina, etanol, flex e GNV que exigem lubrificante com n\u00edvel de desempenho API SL ou inferiores. Dispon\u00edvel nos graus SAE 15W-40 e SAE 20W-50.<\/p>\n<p><strong>Aplica\u00e7\u00f5es<\/strong><br \/>\nLUBRAX ESSENCIAL SL \u00e9 recomendado para uso em todos os motores a gasolina, etanol, flex e GNV de ve\u00edculos nacionais ou importados com inje\u00e7\u00e3o eletr\u00f4nica e multiv\u00e1lvulas, sendo compat\u00edvel com os conversores catal\u00edticos e atende ao n\u00edvel de desempenho API SL.<\/p>\n<p><strong>Especifica\u00e7\u00f5es<\/strong><br \/>\nLubrax Essencial SL atende ao seguinte n\u00edvel de desempenho: API SL.<\/p>\n","protected":false},"featured_media":2471,"comment_status":"open","ping_status":"closed","template":"","meta":[],"product_cat":[45,520],"product_tag":[705,704,576,580],"acf":[],"_links":{"self":[{"href":"http:\/\/www.locacaodemaquinas.com.br\/site\/wp-json\/wp\/v2\/product\/2459"}],"collection":[{"href":"http:\/\/www.locacaodemaquinas.com.br\/site\/wp-json\/wp\/v2\/product"}],"about":[{"href":"http:\/\/www.locacaodemaquinas.com.br\/site\/wp-json\/wp\/v2\/types\/product"}],"replies":[{"embeddable":true,"href":"http:\/\/www.locacaodemaquinas.com.br\/site\/wp-json\/wp\/v2\/comments?post=2459"}],"wp:featuredmedia":[{"embeddable":true,"href":"http:\/\/www.locacaodemaquinas.com.br\/site\/wp-json\/wp\/v2\/media\/2471"}],"wp:attachment":[{"href":"http:\/\/www.locacaodemaquinas.com.br\/site\/wp-json\/wp\/v2\/media?parent=2459"}],"wp:term":[{"taxonomy":"product_cat","embeddable":true,"href":"http:\/\/www.locacaodemaquinas.com.br\/site\/wp-json\/wp\/v2\/product_cat?post=2459"},{"taxonomy":"product_tag","embeddable":true,"href":"http:\/\/www.locacaodemaquinas.com.br\/site\/wp-json\/wp\/v2\/product_tag?post=2459"}],"curies":[{"name":"wp","href":"https:\/\/api.w.org\/{rel}","templated":true}]}}