{"id":2460,"date":"2022-07-19T09:49:26","date_gmt":"2022-07-19T12:49:26","guid":{"rendered":"http:\/\/www.locacaodemaquinas.com.br\/site\/?post_type=product&#038;p=2460"},"modified":"2022-07-19T11:14:14","modified_gmt":"2022-07-19T14:14:14","slug":"oleo-nautica-2t-500-ml-lubrax","status":"publish","type":"product","link":"http:\/\/www.locacaodemaquinas.com.br\/site\/loja\/venda\/lubrificacao\/oleo-nautica-2t-500-ml-lubrax\/","title":{"rendered":"\u00d3leo N\u00e1utica Gasolina 2T 500 ml &#8211; Lubrax"},"content":{"rendered":"<p>LUBRAX N\u00c1UTICA GASOLINA 2T proporciona uma excelente limpeza do motor, pois sua aditiva\u00e7\u00e3o controla a forma\u00e7\u00e3o de dep\u00f3sitos nos pist\u00f5es al\u00e9m de reduzir o desgaste e a corros\u00e3o das partes lubrificadas. O produto possui um baixo teor de cinzas reduzindo problemas de pr\u00e9-igni\u00e7\u00e3o e de falhas nas velas.<\/p>\n<p>Possui colora\u00e7\u00e3o azul de forma a identificar sua presen\u00e7a em misturas com a gasolina, devendo ser adicionado ao combust\u00edvel nas propor\u00e7\u00f5es recomendadas pelos fabricantes dos equipamentos.<\/p>\n<p>\u00c9 recomendado para uso em motores de popa de alto desempenho como os motores OMC (EVINRUDE, JOHNSON), KAWASAKI, MERCURY, SUZUKI, YAMAHA, entre outros e em equipamentos n\u00e1uticos, como lanchas, jet skis, jet boats, wave runners e wave riders. Pode ainda ser utilizado sem restri\u00e7\u00f5es em motores de dois tempos que equipam motocicletas, ciclomotores, motosserras, grupos geradores e cortadores de grama.<\/p>\n<p>Aprovado pela National Marine Manufacturers&#8217; Association (NMMA), sob o certificado n\u00famero RL \u2013 30103K, no n\u00edvel de desempenho NMMA TC-W3.<\/p>\n","protected":false},"excerpt":{"rendered":"<p>Lubrificante semissint\u00e9tico que oferece m\u00e1ximo rendimento de sua embarca\u00e7\u00e3o e maior durabilidade do motor, pois possui excelente controle contra a forma\u00e7\u00e3o de dep\u00f3sitos de carbono nos pist\u00f5es e v\u00e1lvulas. Al\u00e9m disso, reduz problemas de pr\u00e9-igni\u00e7\u00e3o e falha nas velas.<\/p>\n<p>Recomendado para diversos modelos de embarca\u00e7\u00f5es equipadas com motores de popa de 2T dos principais fabricantes do mercado.<\/p>\n","protected":false},"featured_media":2473,"comment_status":"open","ping_status":"closed","template":"","meta":[],"product_cat":[45,520],"product_tag":[266,704,576,706,580],"acf":[],"_links":{"self":[{"href":"http:\/\/www.locacaodemaquinas.com.br\/site\/wp-json\/wp\/v2\/product\/2460"}],"collection":[{"href":"http:\/\/www.locacaodemaquinas.com.br\/site\/wp-json\/wp\/v2\/product"}],"about":[{"href":"http:\/\/www.locacaodemaquinas.com.br\/site\/wp-json\/wp\/v2\/types\/product"}],"replies":[{"embeddable":true,"href":"http:\/\/www.locacaodemaquinas.com.br\/site\/wp-json\/wp\/v2\/comments?post=2460"}],"wp:featuredmedia":[{"embeddable":true,"href":"http:\/\/www.locacaodemaquinas.com.br\/site\/wp-json\/wp\/v2\/media\/2473"}],"wp:attachment":[{"href":"http:\/\/www.locacaodemaquinas.com.br\/site\/wp-json\/wp\/v2\/media?parent=2460"}],"wp:term":[{"taxonomy":"product_cat","embeddable":true,"href":"http:\/\/www.locacaodemaquinas.com.br\/site\/wp-json\/wp\/v2\/product_cat?post=2460"},{"taxonomy":"product_tag","embeddable":true,"href":"http:\/\/www.locacaodemaquinas.com.br\/site\/wp-json\/wp\/v2\/product_tag?post=2460"}],"curies":[{"name":"wp","href":"https:\/\/api.w.org\/{rel}","templated":true}]}}