{"id":2462,"date":"2022-07-19T09:51:25","date_gmt":"2022-07-19T12:51:25","guid":{"rendered":"http:\/\/www.locacaodemaquinas.com.br\/site\/?post_type=product&#038;p=2462"},"modified":"2022-07-19T10:33:08","modified_gmt":"2022-07-19T13:33:08","slug":"oleo-multiuso-100-ml-white-lub","status":"publish","type":"product","link":"http:\/\/www.locacaodemaquinas.com.br\/site\/loja\/venda\/lubrificacao\/oleo-multiuso-100-ml-white-lub\/","title":{"rendered":"\u00d3leo Multiuso 100 ml &#8211; White Lub"},"content":{"rendered":"<p><strong>USO DOM\u00c9STICO<\/strong> Lubrifica\u00e7\u00e3o e conserva\u00e7\u00e3o de m\u00e1quinas de costura, aparelhos eletrodom\u00e9sticos, dobradi\u00e7as, fechaduras, trincos de portas e prote\u00e7\u00e3o das pe\u00e7as de utens\u00edlios dom\u00e9sticos.<\/p>\n<p><strong> ESPORTE E LAZER<\/strong> Lubrifica\u00e7\u00e3o e conserva\u00e7\u00e3o do material de ca\u00e7a e pesca, bicicleta, o skate, patins, evitando a oxida\u00e7\u00e3o e a\u00e7\u00e3o da maresia.<\/p>\n<p><strong>IND\u00daSTRIA E NA OFICINA<\/strong> Ideal para lubrifica\u00e7\u00e3o de ferragens, ferramentas e equipamentos utilizados na ind\u00fastria ou oficina.<\/p>\n<p><strong>INFORM\u00c1TICA<\/strong> Indicado para lubrificar o cooler do computador, prolongando a vida dos mancais e evita ru\u00eddos.<\/p>\n<p>&nbsp;<\/p>\n<p><strong>Principais Caracter\u00edsticas:<\/strong><br \/>\nEvita o desgaste precoce de pe\u00e7as met\u00e1licas. Este tipo de \u00f3leo lubrificante \u00e9 o mais consumido para lubrifica\u00e7\u00e3o leve. L\u00edquido transparente, levemente amarelado. Possui inibidores de corros\u00e3o.<\/p>\n<p>&nbsp;<\/p>\n<h2 class=\"yikes-custom-woo-tab-title yikes-custom-woo-tab-title-modo-de-usar\">Modo de Usar<\/h2>\n<p>Limpe a superf\u00edcie. Aplique o White Lub Multiuso diretamente no local a ser lubrificado. O bico aplicador possibilita uma aplica\u00e7\u00e3o em gotas, evitando aplica\u00e7\u00e3o em excesso. Para aumentar a vida \u00fatil de seus equipamentos, m\u00e1quina de costura, bicicleta, fechaduras, lubrifique-os periodicamente.<\/p>\n","protected":false},"excerpt":{"rendered":"<p><strong>\u00d3LEO LUBRIFICANTE MULTIUSO<\/strong><br \/>\nComposto de \u00f3leo mineral e aditivo antioxidante, com viscosidade concentrada, ideal para lubrifica\u00e7\u00e3o leve de pe\u00e7as e partes.<\/p>\n<p>White Lub Multiuso foi desenvolvido para lubrificar e evitar o desgaste precoce das partes met\u00e1licas de m\u00e1quinas de costura, eletrodom\u00e9sticos, bicicletas, engrenagens, dobradi\u00e7as, entre outros.<\/p>\n<p>Aten\u00e7\u00e3o: n\u00e3o aplicar em material acr\u00edlico.<\/p>\n","protected":false},"featured_media":2468,"comment_status":"open","ping_status":"closed","template":"","meta":[],"product_cat":[45,520],"product_tag":[576,703,580,702],"acf":[],"_links":{"self":[{"href":"http:\/\/www.locacaodemaquinas.com.br\/site\/wp-json\/wp\/v2\/product\/2462"}],"collection":[{"href":"http:\/\/www.locacaodemaquinas.com.br\/site\/wp-json\/wp\/v2\/product"}],"about":[{"href":"http:\/\/www.locacaodemaquinas.com.br\/site\/wp-json\/wp\/v2\/types\/product"}],"replies":[{"embeddable":true,"href":"http:\/\/www.locacaodemaquinas.com.br\/site\/wp-json\/wp\/v2\/comments?post=2462"}],"wp:featuredmedia":[{"embeddable":true,"href":"http:\/\/www.locacaodemaquinas.com.br\/site\/wp-json\/wp\/v2\/media\/2468"}],"wp:attachment":[{"href":"http:\/\/www.locacaodemaquinas.com.br\/site\/wp-json\/wp\/v2\/media?parent=2462"}],"wp:term":[{"taxonomy":"product_cat","embeddable":true,"href":"http:\/\/www.locacaodemaquinas.com.br\/site\/wp-json\/wp\/v2\/product_cat?post=2462"},{"taxonomy":"product_tag","embeddable":true,"href":"http:\/\/www.locacaodemaquinas.com.br\/site\/wp-json\/wp\/v2\/product_tag?post=2462"}],"curies":[{"name":"wp","href":"https:\/\/api.w.org\/{rel}","templated":true}]}}