{"id":2485,"date":"2022-07-20T09:42:08","date_gmt":"2022-07-20T12:42:08","guid":{"rendered":"http:\/\/www.locacaodemaquinas.com.br\/site\/?post_type=product&#038;p=2485"},"modified":"2022-07-22T11:04:11","modified_gmt":"2022-07-22T14:04:11","slug":"luva-black-grip-kalipso","status":"publish","type":"product","link":"http:\/\/www.locacaodemaquinas.com.br\/site\/loja\/venda\/seguranca\/luva-black-grip-kalipso\/","title":{"rendered":"Luva Tatex Preta &#8211; Kalipso"},"content":{"rendered":"<ul>\n<li>Absorve a transpira\u00e7\u00e3o;<\/li>\n<li>Maior durabilidade;<\/li>\n<li>Maior ader\u00eancia no manuseio de objetos;<\/li>\n<li>Ideal para ambientes com maior sujidade.<\/li>\n<\/ul>\n<p>Normas: EN 388, EN 407.<\/p>\n<p>&nbsp;<\/p>\n<p>&nbsp;<\/p>\n","protected":false},"excerpt":{"rendered":"<p>Luva de malha pigmentada preta com punho amarelo.<\/p>\n<p>Proporciona conforto t\u00e9rmico, tato e destreza. \u00d3timo desempenho em atividades gerais simples e din\u00e2micas.<\/p>\n<p>Possui revestimento na face palmar com pigmentos antiderrapantes em PVC.<\/p>\n","protected":false},"featured_media":2593,"comment_status":"open","ping_status":"closed","template":"","meta":[],"product_cat":[45,528],"product_tag":[712,707,732,738,710,711],"acf":[],"_links":{"self":[{"href":"http:\/\/www.locacaodemaquinas.com.br\/site\/wp-json\/wp\/v2\/product\/2485"}],"collection":[{"href":"http:\/\/www.locacaodemaquinas.com.br\/site\/wp-json\/wp\/v2\/product"}],"about":[{"href":"http:\/\/www.locacaodemaquinas.com.br\/site\/wp-json\/wp\/v2\/types\/product"}],"replies":[{"embeddable":true,"href":"http:\/\/www.locacaodemaquinas.com.br\/site\/wp-json\/wp\/v2\/comments?post=2485"}],"wp:featuredmedia":[{"embeddable":true,"href":"http:\/\/www.locacaodemaquinas.com.br\/site\/wp-json\/wp\/v2\/media\/2593"}],"wp:attachment":[{"href":"http:\/\/www.locacaodemaquinas.com.br\/site\/wp-json\/wp\/v2\/media?parent=2485"}],"wp:term":[{"taxonomy":"product_cat","embeddable":true,"href":"http:\/\/www.locacaodemaquinas.com.br\/site\/wp-json\/wp\/v2\/product_cat?post=2485"},{"taxonomy":"product_tag","embeddable":true,"href":"http:\/\/www.locacaodemaquinas.com.br\/site\/wp-json\/wp\/v2\/product_tag?post=2485"}],"curies":[{"name":"wp","href":"https:\/\/api.w.org\/{rel}","templated":true}]}}