{"id":2511,"date":"2022-07-20T10:44:58","date_gmt":"2022-07-20T13:44:58","guid":{"rendered":"http:\/\/www.locacaodemaquinas.com.br\/site\/?post_type=product&#038;p=2511"},"modified":"2023-01-18T16:21:06","modified_gmt":"2023-01-18T19:21:06","slug":"luva-latex-pro-157-preta-sem-forro-mucambo","status":"publish","type":"product","link":"http:\/\/www.locacaodemaquinas.com.br\/site\/loja\/venda\/seguranca\/luva-latex-pro-157-preta-sem-forro-mucambo\/","title":{"rendered":"Luva L\u00e1tex PRO 157 Preta sem Forro  &#8211; Mucambo"},"content":{"rendered":"<p><strong>Caracter\u00edsticas e aplicabilidades<\/strong><\/p>\n<p>Para prote\u00e7\u00e3o das m\u00e3os do usu\u00e1rio em atividades dom\u00e9sticas e industriais;<\/p>\n<p>Prepara\u00e7\u00e3o e manipula\u00e7\u00e3o de alimentos e servi\u00e7os de conserva\u00e7\u00e3o de limpeza;<\/p>\n<p>Conforto e destreza para manuten\u00e7\u00e3o;<\/p>\n<p>Para higienizar utilizar \u00e1gua e sab\u00e3o neutro. Para desinfetar utilizar uma solu\u00e7\u00e3o de 1 litro de \u00e1gua e 1 colher de sopa de \u00e1gua sanit\u00e1ria.<\/p>\n<p>&nbsp;<\/p>\n<p>Testada e aprovado pelas Normas: BS EN 388:2003, Norma: EN 374-3:2003, Norma: BS EN 420:2003 + A1:2009, Norma: EN 374-1:2003, Norma: EN 374-2: 2003.<\/p>\n","protected":false},"excerpt":{"rendered":"<p>Luva de seguran\u00e7a confeccionada em l\u00e1tex natural anat\u00f4mica na cor preta.<\/p>\n<p>Para prote\u00e7\u00e3o das m\u00e3os do usu\u00e1rio em atividades dom\u00e9sticas e industriais.<\/p>\n","protected":false},"featured_media":2515,"comment_status":"open","ping_status":"closed","template":"","meta":[],"product_cat":[45,528],"product_tag":[707,726,710,725,722,711],"acf":[],"_links":{"self":[{"href":"http:\/\/www.locacaodemaquinas.com.br\/site\/wp-json\/wp\/v2\/product\/2511"}],"collection":[{"href":"http:\/\/www.locacaodemaquinas.com.br\/site\/wp-json\/wp\/v2\/product"}],"about":[{"href":"http:\/\/www.locacaodemaquinas.com.br\/site\/wp-json\/wp\/v2\/types\/product"}],"replies":[{"embeddable":true,"href":"http:\/\/www.locacaodemaquinas.com.br\/site\/wp-json\/wp\/v2\/comments?post=2511"}],"wp:featuredmedia":[{"embeddable":true,"href":"http:\/\/www.locacaodemaquinas.com.br\/site\/wp-json\/wp\/v2\/media\/2515"}],"wp:attachment":[{"href":"http:\/\/www.locacaodemaquinas.com.br\/site\/wp-json\/wp\/v2\/media?parent=2511"}],"wp:term":[{"taxonomy":"product_cat","embeddable":true,"href":"http:\/\/www.locacaodemaquinas.com.br\/site\/wp-json\/wp\/v2\/product_cat?post=2511"},{"taxonomy":"product_tag","embeddable":true,"href":"http:\/\/www.locacaodemaquinas.com.br\/site\/wp-json\/wp\/v2\/product_tag?post=2511"}],"curies":[{"name":"wp","href":"https:\/\/api.w.org\/{rel}","templated":true}]}}