{"id":2516,"date":"2022-07-20T11:11:18","date_gmt":"2022-07-20T14:11:18","guid":{"rendered":"http:\/\/www.locacaodemaquinas.com.br\/site\/?post_type=product&#038;p=2516"},"modified":"2023-01-18T16:20:15","modified_gmt":"2023-01-18T19:20:15","slug":"luva-de-seguranca-ss-1007-cut-leather-super-safety","status":"publish","type":"product","link":"http:\/\/www.locacaodemaquinas.com.br\/site\/loja\/venda\/seguranca\/luva-de-seguranca-ss-1007-cut-leather-super-safety\/","title":{"rendered":"Luva de Seguran\u00e7a SS 1007 Cut &#038; Leather &#8211; Super Safety"},"content":{"rendered":"<p>Norma aplic\u00e1vel: EN 388.<\/p>\n","protected":false},"excerpt":{"rendered":"<p>Luva Elastano Fibra de Vidro Azul<\/p>\n<p>Luva de seguran\u00e7a confeccionada com fios de elastano e fibra de vidro com polietileno ( HPPE \u2013 Polietileno de alta densidade), duplo banho nitr\u00edlico na palma dedos e face dos dedos, revestimento em couro na palma da m\u00e3o, punho tricotado com el\u00e1stico.<\/p>\n<p>&nbsp;<\/p>\n","protected":false},"featured_media":2517,"comment_status":"open","ping_status":"closed","template":"","meta":[],"product_cat":[45,528],"product_tag":[707,727,711,728],"acf":[],"_links":{"self":[{"href":"http:\/\/www.locacaodemaquinas.com.br\/site\/wp-json\/wp\/v2\/product\/2516"}],"collection":[{"href":"http:\/\/www.locacaodemaquinas.com.br\/site\/wp-json\/wp\/v2\/product"}],"about":[{"href":"http:\/\/www.locacaodemaquinas.com.br\/site\/wp-json\/wp\/v2\/types\/product"}],"replies":[{"embeddable":true,"href":"http:\/\/www.locacaodemaquinas.com.br\/site\/wp-json\/wp\/v2\/comments?post=2516"}],"wp:featuredmedia":[{"embeddable":true,"href":"http:\/\/www.locacaodemaquinas.com.br\/site\/wp-json\/wp\/v2\/media\/2517"}],"wp:attachment":[{"href":"http:\/\/www.locacaodemaquinas.com.br\/site\/wp-json\/wp\/v2\/media?parent=2516"}],"wp:term":[{"taxonomy":"product_cat","embeddable":true,"href":"http:\/\/www.locacaodemaquinas.com.br\/site\/wp-json\/wp\/v2\/product_cat?post=2516"},{"taxonomy":"product_tag","embeddable":true,"href":"http:\/\/www.locacaodemaquinas.com.br\/site\/wp-json\/wp\/v2\/product_tag?post=2516"}],"curies":[{"name":"wp","href":"https:\/\/api.w.org\/{rel}","templated":true}]}}