{"id":2530,"date":"2022-07-20T15:59:00","date_gmt":"2022-07-20T18:59:00","guid":{"rendered":"http:\/\/www.locacaodemaquinas.com.br\/site\/?post_type=product&#038;p=2530"},"modified":"2023-01-18T16:18:20","modified_gmt":"2023-01-18T19:18:20","slug":"luva-de-seguranca-ss-1002-azul-escuro-super-safety","status":"publish","type":"product","link":"http:\/\/www.locacaodemaquinas.com.br\/site\/loja\/venda\/seguranca\/luva-de-seguranca-ss-1002-azul-escuro-super-safety\/","title":{"rendered":"Luva de Seguran\u00e7a SS 1002 Azul Escuro &#8211; Super Safety"},"content":{"rendered":"<p>Norma aplic\u00e1vel: EN 388, EN 374.<\/p>\n","protected":false},"excerpt":{"rendered":"<p>Luva com Malha Emborrachado Azul Escuro<\/p>\n<p>Luva de seguran\u00e7a confeccionada em suporte t\u00eaxtil, revestida na face palmar e dorso total com borracha nitr\u00edlica.<\/p>\n<p>&nbsp;<\/p>\n","protected":false},"featured_media":2536,"comment_status":"open","ping_status":"closed","template":"","meta":[],"product_cat":[45,528],"product_tag":[707,730,711,728],"acf":[],"_links":{"self":[{"href":"http:\/\/www.locacaodemaquinas.com.br\/site\/wp-json\/wp\/v2\/product\/2530"}],"collection":[{"href":"http:\/\/www.locacaodemaquinas.com.br\/site\/wp-json\/wp\/v2\/product"}],"about":[{"href":"http:\/\/www.locacaodemaquinas.com.br\/site\/wp-json\/wp\/v2\/types\/product"}],"replies":[{"embeddable":true,"href":"http:\/\/www.locacaodemaquinas.com.br\/site\/wp-json\/wp\/v2\/comments?post=2530"}],"wp:featuredmedia":[{"embeddable":true,"href":"http:\/\/www.locacaodemaquinas.com.br\/site\/wp-json\/wp\/v2\/media\/2536"}],"wp:attachment":[{"href":"http:\/\/www.locacaodemaquinas.com.br\/site\/wp-json\/wp\/v2\/media?parent=2530"}],"wp:term":[{"taxonomy":"product_cat","embeddable":true,"href":"http:\/\/www.locacaodemaquinas.com.br\/site\/wp-json\/wp\/v2\/product_cat?post=2530"},{"taxonomy":"product_tag","embeddable":true,"href":"http:\/\/www.locacaodemaquinas.com.br\/site\/wp-json\/wp\/v2\/product_tag?post=2530"}],"curies":[{"name":"wp","href":"https:\/\/api.w.org\/{rel}","templated":true}]}}