{"id":2537,"date":"2022-07-20T16:26:44","date_gmt":"2022-07-20T19:26:44","guid":{"rendered":"http:\/\/www.locacaodemaquinas.com.br\/site\/?post_type=product&#038;p=2537"},"modified":"2023-01-18T16:10:21","modified_gmt":"2023-01-18T19:10:21","slug":"luva-de-seguranca-latex-ss-1005-azul-super-safety","status":"publish","type":"product","link":"http:\/\/www.locacaodemaquinas.com.br\/site\/loja\/venda\/seguranca\/luva-de-seguranca-latex-ss-1005-azul-super-safety\/","title":{"rendered":"Luva de Seguran\u00e7a L\u00e1tex SS 1005 Azul &#8211; Super Safety"},"content":{"rendered":"<p>Norma aplic\u00e1vel: EN 388, EN 374.<\/p>\n","protected":false},"excerpt":{"rendered":"<p>Luva de seguran\u00e7a confeccionada em suporte t\u00eaxtil, revestida na face palmar e pontas dos dedos com l\u00e1tex, possui punho de seguran\u00e7a e formato anat\u00f4mico.<\/p>\n","protected":false},"featured_media":2542,"comment_status":"open","ping_status":"closed","template":"","meta":[],"product_cat":[45,528],"product_tag":[731,707,726,711,728],"acf":[],"_links":{"self":[{"href":"http:\/\/www.locacaodemaquinas.com.br\/site\/wp-json\/wp\/v2\/product\/2537"}],"collection":[{"href":"http:\/\/www.locacaodemaquinas.com.br\/site\/wp-json\/wp\/v2\/product"}],"about":[{"href":"http:\/\/www.locacaodemaquinas.com.br\/site\/wp-json\/wp\/v2\/types\/product"}],"replies":[{"embeddable":true,"href":"http:\/\/www.locacaodemaquinas.com.br\/site\/wp-json\/wp\/v2\/comments?post=2537"}],"wp:featuredmedia":[{"embeddable":true,"href":"http:\/\/www.locacaodemaquinas.com.br\/site\/wp-json\/wp\/v2\/media\/2542"}],"wp:attachment":[{"href":"http:\/\/www.locacaodemaquinas.com.br\/site\/wp-json\/wp\/v2\/media?parent=2537"}],"wp:term":[{"taxonomy":"product_cat","embeddable":true,"href":"http:\/\/www.locacaodemaquinas.com.br\/site\/wp-json\/wp\/v2\/product_cat?post=2537"},{"taxonomy":"product_tag","embeddable":true,"href":"http:\/\/www.locacaodemaquinas.com.br\/site\/wp-json\/wp\/v2\/product_tag?post=2537"}],"curies":[{"name":"wp","href":"https:\/\/api.w.org\/{rel}","templated":true}]}}