{"id":2543,"date":"2022-07-20T16:46:32","date_gmt":"2022-07-20T19:46:32","guid":{"rendered":"http:\/\/www.locacaodemaquinas.com.br\/site\/?post_type=product&#038;p=2543"},"modified":"2023-01-18T16:09:48","modified_gmt":"2023-01-18T19:09:48","slug":"luva-de-seguranca-latex-ss-1005-azul-super-safety-2","status":"publish","type":"product","link":"http:\/\/www.locacaodemaquinas.com.br\/site\/loja\/venda\/seguranca\/luva-de-seguranca-latex-ss-1005-azul-super-safety-2\/","title":{"rendered":"Luva de Seguran\u00e7a L\u00e1tex SS 1009 Verde &#8211; Super Safety"},"content":{"rendered":"<p>Norma aplic\u00e1vel: EN 388.<\/p>\n","protected":false},"excerpt":{"rendered":"<p>Luva Malha Emborrachada Verde<\/p>\n<p>Luva de seguran\u00e7a confeccionada com suporte t\u00eaxtil com revestimento em l\u00e1tex corrugado, banho semi-total ou 3\/4 com punho de seguran\u00e7a e formato anat\u00f4mico.<\/p>\n","protected":false},"featured_media":2548,"comment_status":"open","ping_status":"closed","template":"","meta":[],"product_cat":[45,528],"product_tag":[707,726,711,728,720],"acf":[],"_links":{"self":[{"href":"http:\/\/www.locacaodemaquinas.com.br\/site\/wp-json\/wp\/v2\/product\/2543"}],"collection":[{"href":"http:\/\/www.locacaodemaquinas.com.br\/site\/wp-json\/wp\/v2\/product"}],"about":[{"href":"http:\/\/www.locacaodemaquinas.com.br\/site\/wp-json\/wp\/v2\/types\/product"}],"replies":[{"embeddable":true,"href":"http:\/\/www.locacaodemaquinas.com.br\/site\/wp-json\/wp\/v2\/comments?post=2543"}],"wp:featuredmedia":[{"embeddable":true,"href":"http:\/\/www.locacaodemaquinas.com.br\/site\/wp-json\/wp\/v2\/media\/2548"}],"wp:attachment":[{"href":"http:\/\/www.locacaodemaquinas.com.br\/site\/wp-json\/wp\/v2\/media?parent=2543"}],"wp:term":[{"taxonomy":"product_cat","embeddable":true,"href":"http:\/\/www.locacaodemaquinas.com.br\/site\/wp-json\/wp\/v2\/product_cat?post=2543"},{"taxonomy":"product_tag","embeddable":true,"href":"http:\/\/www.locacaodemaquinas.com.br\/site\/wp-json\/wp\/v2\/product_tag?post=2543"}],"curies":[{"name":"wp","href":"https:\/\/api.w.org\/{rel}","templated":true}]}}