{"id":2550,"date":"2022-07-20T16:59:23","date_gmt":"2022-07-20T19:59:23","guid":{"rendered":"http:\/\/www.locacaodemaquinas.com.br\/site\/?post_type=product&#038;p=2550"},"modified":"2022-07-22T12:58:07","modified_gmt":"2022-07-22T15:58:07","slug":"luva-de-seguranca-latex-ss-1005-azul-super-safety-3","status":"publish","type":"product","link":"http:\/\/www.locacaodemaquinas.com.br\/site\/loja\/venda\/seguranca\/luva-de-seguranca-latex-ss-1005-azul-super-safety-3\/","title":{"rendered":"Luva de Seguran\u00e7a Algod\u00e3o Tricotada Pigmentada Branca  &#8211; Super Safety"},"content":{"rendered":"<h2 dir=\"ltr\">Entenda porque adquirir luvas pigmentadas para a sua equipe<\/h2>\n<p>&nbsp;<\/p>\n<p dir=\"ltr\">A pigmenta\u00e7\u00e3o desse tipo de luvas tem uma\u00a0propriedade aderente\u00a0que proporciona uma seguran\u00e7a extra ao carregar ou manusear objetos e ferramentas.<\/p>\n<p>&nbsp;<\/p>\n<h2 dir=\"ltr\">Indica\u00e7\u00e3o de uso<\/h2>\n<p>&nbsp;<\/p>\n<p dir=\"ltr\">As luvas pigmentadas s\u00e3o recomendadas quando h\u00e1 necessidade de carga e descarga, com manuseio de objetos leves e moderados ou escorregadios.<\/p>\n<p>&nbsp;<\/p>\n<p dir=\"ltr\">Por isso, para a constru\u00e7\u00e3o civil, ind\u00fastrias mec\u00e2nicas, ind\u00fastrias automotivas, manuten\u00e7\u00e3o de m\u00e1quinas, agricultura e transporte de objetos, este equipamento trata-se da melhor op\u00e7\u00e3o!<\/p>\n<p>&nbsp;<\/p>\n<h2 dir=\"ltr\">Contra indica\u00e7\u00e3o\u00a0de uso<\/h2>\n<p>&nbsp;<\/p>\n<p dir=\"ltr\">As luvas pigmentadas n\u00e3o devem ser usadas para manusear agentes qu\u00edmicos ou biol\u00f3gicos. Elas n\u00e3o t\u00eam a composi\u00e7\u00e3o adequada para isso.<\/p>\n<p>&nbsp;<\/p>\n<p dir=\"ltr\">O mesmo vale para objetos cortantes ou perfurantes que podem gerar acidentes graves.<\/p>\n","protected":false},"excerpt":{"rendered":"<p>Esta\u00a0luva de prote\u00e7\u00e3o de algod\u00e3o\u00a0tricotada em fios de algod\u00e3o e poli\u00e9ster mesclado, com pigmentos em PVC na face palmar, acabamento em overloque e punho com el\u00e1stico \u00e9 o equipamento que faltava para\u00a0oferecer seguran\u00e7a com qualidade\u00a0ao seu profissional.<\/p>\n","protected":false},"featured_media":2556,"comment_status":"open","ping_status":"closed","template":"","meta":[],"product_cat":[45,528],"product_tag":[707,733,732,711,728],"acf":[],"_links":{"self":[{"href":"http:\/\/www.locacaodemaquinas.com.br\/site\/wp-json\/wp\/v2\/product\/2550"}],"collection":[{"href":"http:\/\/www.locacaodemaquinas.com.br\/site\/wp-json\/wp\/v2\/product"}],"about":[{"href":"http:\/\/www.locacaodemaquinas.com.br\/site\/wp-json\/wp\/v2\/types\/product"}],"replies":[{"embeddable":true,"href":"http:\/\/www.locacaodemaquinas.com.br\/site\/wp-json\/wp\/v2\/comments?post=2550"}],"wp:featuredmedia":[{"embeddable":true,"href":"http:\/\/www.locacaodemaquinas.com.br\/site\/wp-json\/wp\/v2\/media\/2556"}],"wp:attachment":[{"href":"http:\/\/www.locacaodemaquinas.com.br\/site\/wp-json\/wp\/v2\/media?parent=2550"}],"wp:term":[{"taxonomy":"product_cat","embeddable":true,"href":"http:\/\/www.locacaodemaquinas.com.br\/site\/wp-json\/wp\/v2\/product_cat?post=2550"},{"taxonomy":"product_tag","embeddable":true,"href":"http:\/\/www.locacaodemaquinas.com.br\/site\/wp-json\/wp\/v2\/product_tag?post=2550"}],"curies":[{"name":"wp","href":"https:\/\/api.w.org\/{rel}","templated":true}]}}