{"id":2595,"date":"2022-07-22T15:41:40","date_gmt":"2022-07-22T18:41:40","guid":{"rendered":"http:\/\/www.locacaodemaquinas.com.br\/site\/?post_type=product&#038;p=2595"},"modified":"2022-08-24T15:29:25","modified_gmt":"2022-08-24T18:29:25","slug":"luva-carbografite","status":"publish","type":"product","link":"http:\/\/www.locacaodemaquinas.com.br\/site\/loja\/venda\/seguranca\/luva-carbografite\/","title":{"rendered":"Luva PVC Carboflex com Forro &#8211; Carbografite"},"content":{"rendered":"","protected":false},"excerpt":{"rendered":"<ul>\n<li>Fabricadas em PVC especial, com acabamento antiderrapante na palma e forrada internamente com tecido de algod\u00e3o.<\/li>\n<li>Possuem resist\u00eancia qu\u00edmica a diversos produtos incluindo detergentes, sab\u00f5es, amon\u00edacos, \u00e1lcalis e \u00e1cidos org\u00e2nicos.<\/li>\n<li>Utilizadas nas ind\u00fastrias qu\u00edmica, de constru\u00e7\u00e3o civil, minera\u00e7\u00e3o e todas que manuseiam materiais abrasivos ou recobertos de \u00f3leos, graxas, solventes e \u00e1cidos.<\/li>\n<\/ul>\n","protected":false},"featured_media":2599,"comment_status":"open","ping_status":"closed","template":"","meta":[],"product_cat":[45,528],"product_tag":[578,707,724,711],"acf":[],"_links":{"self":[{"href":"http:\/\/www.locacaodemaquinas.com.br\/site\/wp-json\/wp\/v2\/product\/2595"}],"collection":[{"href":"http:\/\/www.locacaodemaquinas.com.br\/site\/wp-json\/wp\/v2\/product"}],"about":[{"href":"http:\/\/www.locacaodemaquinas.com.br\/site\/wp-json\/wp\/v2\/types\/product"}],"replies":[{"embeddable":true,"href":"http:\/\/www.locacaodemaquinas.com.br\/site\/wp-json\/wp\/v2\/comments?post=2595"}],"wp:featuredmedia":[{"embeddable":true,"href":"http:\/\/www.locacaodemaquinas.com.br\/site\/wp-json\/wp\/v2\/media\/2599"}],"wp:attachment":[{"href":"http:\/\/www.locacaodemaquinas.com.br\/site\/wp-json\/wp\/v2\/media?parent=2595"}],"wp:term":[{"taxonomy":"product_cat","embeddable":true,"href":"http:\/\/www.locacaodemaquinas.com.br\/site\/wp-json\/wp\/v2\/product_cat?post=2595"},{"taxonomy":"product_tag","embeddable":true,"href":"http:\/\/www.locacaodemaquinas.com.br\/site\/wp-json\/wp\/v2\/product_tag?post=2595"}],"curies":[{"name":"wp","href":"https:\/\/api.w.org\/{rel}","templated":true}]}}