{"id":2615,"date":"2022-08-25T09:56:05","date_gmt":"2022-08-25T12:56:05","guid":{"rendered":"http:\/\/www.locacaodemaquinas.com.br\/site\/?post_type=product&#038;p=2615"},"modified":"2022-08-25T10:16:51","modified_gmt":"2022-08-25T13:16:51","slug":"oculos-de-protecao-aruba-cinza-kalipso","status":"publish","type":"product","link":"http:\/\/www.locacaodemaquinas.com.br\/site\/loja\/venda\/seguranca\/oculos-de-protecao-aruba-cinza-kalipso\/","title":{"rendered":"\u00d3culos de Prote\u00e7\u00e3o Aruba Cinza &#8211; Kalipso"},"content":{"rendered":"<p>Prote\u00e7\u00e3o contra raios UVA e UVB;<\/p>\n<p>Lentes com tratamento antirrisco;<\/p>\n<p>Tratamento AF Anti-Fog \/ antiemba\u00e7ante;<\/p>\n<p>N\u00e3o cont\u00e9m partes met\u00e1licas;<\/p>\n<p>Permite ajuste angular;<\/p>\n<p>Permite ajuste de tamanho atrav\u00e9s de tirante de el\u00e1stico.<\/p>\n","protected":false},"excerpt":{"rendered":"<p>Indicado para prote\u00e7\u00e3o contra impacto e proje\u00e7\u00e3o de part\u00edculas volantes e contra raios ultravioleta (U). Possui sistema de ventila\u00e7\u00e3o indireta, composta de dez fendas na parte superior e oito na parte inferior. A presilha de encaixe do tirante de el\u00e1stico na lente permite ajuste de \u00e2ngulo.<\/p>\n<ul>\n<li>Sistema de ventila\u00e7\u00e3o indireta;<\/li>\n<li>Na tonalidade cinza \u00e9 aprovado pela luz vis\u00edvel (L);<\/li>\n<li>Resistente a alto impacto (+);<\/li>\n<li>Proporciona encaixa, veda\u00e7\u00e3o e conforto na egi\u00e3o em torno dos olhos;<\/li>\n<li>Prote\u00e7\u00e3o contra gotas e respingos (D3)<\/li>\n<\/ul>\n","protected":false},"featured_media":2616,"comment_status":"open","ping_status":"closed","template":"","meta":[],"product_cat":[45,528],"product_tag":[748,712,740,745,741],"acf":[],"_links":{"self":[{"href":"http:\/\/www.locacaodemaquinas.com.br\/site\/wp-json\/wp\/v2\/product\/2615"}],"collection":[{"href":"http:\/\/www.locacaodemaquinas.com.br\/site\/wp-json\/wp\/v2\/product"}],"about":[{"href":"http:\/\/www.locacaodemaquinas.com.br\/site\/wp-json\/wp\/v2\/types\/product"}],"replies":[{"embeddable":true,"href":"http:\/\/www.locacaodemaquinas.com.br\/site\/wp-json\/wp\/v2\/comments?post=2615"}],"wp:featuredmedia":[{"embeddable":true,"href":"http:\/\/www.locacaodemaquinas.com.br\/site\/wp-json\/wp\/v2\/media\/2616"}],"wp:attachment":[{"href":"http:\/\/www.locacaodemaquinas.com.br\/site\/wp-json\/wp\/v2\/media?parent=2615"}],"wp:term":[{"taxonomy":"product_cat","embeddable":true,"href":"http:\/\/www.locacaodemaquinas.com.br\/site\/wp-json\/wp\/v2\/product_cat?post=2615"},{"taxonomy":"product_tag","embeddable":true,"href":"http:\/\/www.locacaodemaquinas.com.br\/site\/wp-json\/wp\/v2\/product_tag?post=2615"}],"curies":[{"name":"wp","href":"https:\/\/api.w.org\/{rel}","templated":true}]}}