{"id":2620,"date":"2022-08-25T10:36:15","date_gmt":"2022-08-25T13:36:15","guid":{"rendered":"http:\/\/www.locacaodemaquinas.com.br\/site\/?post_type=product&#038;p=2620"},"modified":"2022-08-25T16:27:45","modified_gmt":"2022-08-25T19:27:45","slug":"oculos-de-protecao-capri-incolor-kalipso","status":"publish","type":"product","link":"http:\/\/www.locacaodemaquinas.com.br\/site\/loja\/venda\/seguranca\/oculos-de-protecao-capri-incolor-kalipso\/","title":{"rendered":"\u00d3culos de Prote\u00e7\u00e3o Capri Cinza &#8211; Kalipso"},"content":{"rendered":"<ul>\n<li>Prote\u00e7\u00e3o contra raios UVA e UVB;<\/li>\n<li>Lentes com tratamento antirrisco;<\/li>\n<li>Haste tipo esp\u00e1tula.<\/li>\n<\/ul>\n","protected":false},"excerpt":{"rendered":"<p>Indicado para prote\u00e7\u00e3o de olhos contra impactos de part\u00edculas volantes. As hastes possuem acabamento emborrachado que proporcionam conforto e leveza na regi\u00e3o da orelha.<\/p>\n<p>&nbsp;<\/p>\n<ul>\n<li>Lentes curvas que se ajustam perfeitamente a face do usu\u00e1rio;<\/li>\n<li>Design moderno.<\/li>\n<\/ul>\n","protected":false},"featured_media":2627,"comment_status":"open","ping_status":"closed","template":"","meta":[],"product_cat":[45,528],"product_tag":[750,744,712,740,745,741],"acf":[],"_links":{"self":[{"href":"http:\/\/www.locacaodemaquinas.com.br\/site\/wp-json\/wp\/v2\/product\/2620"}],"collection":[{"href":"http:\/\/www.locacaodemaquinas.com.br\/site\/wp-json\/wp\/v2\/product"}],"about":[{"href":"http:\/\/www.locacaodemaquinas.com.br\/site\/wp-json\/wp\/v2\/types\/product"}],"replies":[{"embeddable":true,"href":"http:\/\/www.locacaodemaquinas.com.br\/site\/wp-json\/wp\/v2\/comments?post=2620"}],"wp:featuredmedia":[{"embeddable":true,"href":"http:\/\/www.locacaodemaquinas.com.br\/site\/wp-json\/wp\/v2\/media\/2627"}],"wp:attachment":[{"href":"http:\/\/www.locacaodemaquinas.com.br\/site\/wp-json\/wp\/v2\/media?parent=2620"}],"wp:term":[{"taxonomy":"product_cat","embeddable":true,"href":"http:\/\/www.locacaodemaquinas.com.br\/site\/wp-json\/wp\/v2\/product_cat?post=2620"},{"taxonomy":"product_tag","embeddable":true,"href":"http:\/\/www.locacaodemaquinas.com.br\/site\/wp-json\/wp\/v2\/product_tag?post=2620"}],"curies":[{"name":"wp","href":"https:\/\/api.w.org\/{rel}","templated":true}]}}