{"id":2638,"date":"2022-08-25T17:44:42","date_gmt":"2022-08-25T20:44:42","guid":{"rendered":"http:\/\/www.locacaodemaquinas.com.br\/site\/?post_type=product&#038;p=2638"},"modified":"2022-08-25T17:45:48","modified_gmt":"2022-08-25T20:45:48","slug":"oculos-de-protecao-guepardo-incolor-kalipso","status":"publish","type":"product","link":"http:\/\/www.locacaodemaquinas.com.br\/site\/loja\/venda\/seguranca\/oculos-de-protecao-guepardo-incolor-kalipso\/","title":{"rendered":"\u00d3culos de Prote\u00e7\u00e3o Guepardo Incolor &#8211; Kalipso"},"content":{"rendered":"<ul>\n<li>Prote\u00e7\u00e3o contra raios UVA e UVB;<\/li>\n<li>Prote\u00e7\u00e3o UV 400 (lente incolor espelhada);<\/li>\n<li>Lentes com tratamento antirrisco;<\/li>\n<li>Haste tipo esp\u00e1tula;<\/li>\n<li>Tratamento AF Anti-Fog\/antiemba\u00e7ante (lentes cinza e incolor);<\/li>\n<li>Ajuste de angular;<\/li>\n<li>Lentes espelhadas.<\/li>\n<\/ul>\n","protected":false},"excerpt":{"rendered":"<p>Indicado para prote\u00e7\u00e3o dos olhos contra impactos de part\u00edculas volantes e contra raios ultravioletas (U6). EPI aprovado para resist\u00eancia a alto impacto. Possui hastes com ajuste de \u00e2ngulo\u00a0 e inclinado no sentido vertical.<\/p>\n<p>&nbsp;<\/p>\n<ul>\n<li>Design moderno;<\/li>\n<li>Colora\u00e7\u00e3o cinza e incolor de lentes dispon\u00edveis.<\/li>\n<\/ul>\n","protected":false},"featured_media":2634,"comment_status":"open","ping_status":"closed","template":"","meta":[],"product_cat":[45,528],"product_tag":[753,751,740,745,741],"acf":[],"_links":{"self":[{"href":"http:\/\/www.locacaodemaquinas.com.br\/site\/wp-json\/wp\/v2\/product\/2638"}],"collection":[{"href":"http:\/\/www.locacaodemaquinas.com.br\/site\/wp-json\/wp\/v2\/product"}],"about":[{"href":"http:\/\/www.locacaodemaquinas.com.br\/site\/wp-json\/wp\/v2\/types\/product"}],"replies":[{"embeddable":true,"href":"http:\/\/www.locacaodemaquinas.com.br\/site\/wp-json\/wp\/v2\/comments?post=2638"}],"wp:featuredmedia":[{"embeddable":true,"href":"http:\/\/www.locacaodemaquinas.com.br\/site\/wp-json\/wp\/v2\/media\/2634"}],"wp:attachment":[{"href":"http:\/\/www.locacaodemaquinas.com.br\/site\/wp-json\/wp\/v2\/media?parent=2638"}],"wp:term":[{"taxonomy":"product_cat","embeddable":true,"href":"http:\/\/www.locacaodemaquinas.com.br\/site\/wp-json\/wp\/v2\/product_cat?post=2638"},{"taxonomy":"product_tag","embeddable":true,"href":"http:\/\/www.locacaodemaquinas.com.br\/site\/wp-json\/wp\/v2\/product_tag?post=2638"}],"curies":[{"name":"wp","href":"https:\/\/api.w.org\/{rel}","templated":true}]}}