{"id":2639,"date":"2022-08-25T17:46:37","date_gmt":"2022-08-25T20:46:37","guid":{"rendered":"http:\/\/www.locacaodemaquinas.com.br\/site\/?post_type=product&#038;p=2639"},"modified":"2022-08-26T10:05:24","modified_gmt":"2022-08-26T13:05:24","slug":"oculos-de-protecao-ibiza-incolor-kalipso","status":"publish","type":"product","link":"http:\/\/www.locacaodemaquinas.com.br\/site\/loja\/venda\/seguranca\/oculos-de-protecao-ibiza-incolor-kalipso\/","title":{"rendered":"\u00d3culos de Prote\u00e7\u00e3o Ibiza Incolor &#8211; Kalipso"},"content":{"rendered":"<p>\u00d3culos de seguran\u00e7a constitu\u00eddos de arma\u00e7\u00e3o e arco confeccionados em policarbonato com ponte e apoio nasal injetados do mesmo\u00a0material, lentes confeccionadas em policarbonato na arma\u00e7\u00e3o, hastes tipo esp\u00e1tula confeccionadas do mesmo material da arma\u00e7\u00e3o e articuladas ao arco atrav\u00e9s de parafusos met\u00e1licos.<\/p>\n","protected":false},"excerpt":{"rendered":"<p>Indicado para prote\u00e7\u00e3o dos olhos contra impactos de part\u00edculas volantes.<\/p>\n<ul>\n<li>Design moderno;<\/li>\n<\/ul>\n","protected":false},"featured_media":2641,"comment_status":"open","ping_status":"closed","template":"","meta":[],"product_cat":[45,528],"product_tag":[754,751,740,745,741],"acf":[],"_links":{"self":[{"href":"http:\/\/www.locacaodemaquinas.com.br\/site\/wp-json\/wp\/v2\/product\/2639"}],"collection":[{"href":"http:\/\/www.locacaodemaquinas.com.br\/site\/wp-json\/wp\/v2\/product"}],"about":[{"href":"http:\/\/www.locacaodemaquinas.com.br\/site\/wp-json\/wp\/v2\/types\/product"}],"replies":[{"embeddable":true,"href":"http:\/\/www.locacaodemaquinas.com.br\/site\/wp-json\/wp\/v2\/comments?post=2639"}],"wp:featuredmedia":[{"embeddable":true,"href":"http:\/\/www.locacaodemaquinas.com.br\/site\/wp-json\/wp\/v2\/media\/2641"}],"wp:attachment":[{"href":"http:\/\/www.locacaodemaquinas.com.br\/site\/wp-json\/wp\/v2\/media?parent=2639"}],"wp:term":[{"taxonomy":"product_cat","embeddable":true,"href":"http:\/\/www.locacaodemaquinas.com.br\/site\/wp-json\/wp\/v2\/product_cat?post=2639"},{"taxonomy":"product_tag","embeddable":true,"href":"http:\/\/www.locacaodemaquinas.com.br\/site\/wp-json\/wp\/v2\/product_tag?post=2639"}],"curies":[{"name":"wp","href":"https:\/\/api.w.org\/{rel}","templated":true}]}}