{"id":2670,"date":"2022-08-26T12:13:51","date_gmt":"2022-08-26T15:13:51","guid":{"rendered":"http:\/\/www.locacaodemaquinas.com.br\/site\/?post_type=product&#038;p=2670"},"modified":"2022-08-26T12:23:37","modified_gmt":"2022-08-26T15:23:37","slug":"oculos-de-protecao-jamaica-cinza-kalipso","status":"publish","type":"product","link":"http:\/\/www.locacaodemaquinas.com.br\/site\/loja\/venda\/seguranca\/oculos-de-protecao-jamaica-cinza-kalipso\/","title":{"rendered":"\u00d3culos de Prote\u00e7\u00e3o Jamaica Cinza &#8211; Kalipso"},"content":{"rendered":"<ul>\n<li>Prote\u00e7\u00e3o contra raios UVA e UVB;<\/li>\n<li>Lente com tratamento antirrisco;<\/li>\n<li>Haste tipo esp\u00e1tula;<\/li>\n<li>Ajuste de comprimento<\/li>\n<li>Tratamento AF Anti-Fog \/ antiemba\u00e7ante (lentes incolor e cinza)<\/li>\n<li>Lentes espelhadas.<\/li>\n<\/ul>\n","protected":false},"excerpt":{"rendered":"<p>Indicado para prote\u00e7\u00e3o dos olhos contra impactos de part\u00edculas volantes. Possui sistema de ventila\u00e7\u00e3o direta nas hastes por meio de quatro fendas localizadas na parte central<\/p>\n<ul>\n<li>Compat\u00edvel com diversos protetores auditivos modelo concha;<\/li>\n<li>Formato anat\u00f4mico e leve.<\/li>\n<li>Hastes com espessura fina para maior conforto.<\/li>\n<\/ul>\n","protected":false},"featured_media":2671,"comment_status":"open","ping_status":"closed","template":"","meta":[],"product_cat":[45,528],"product_tag":[744,757,740,745,741],"acf":[],"_links":{"self":[{"href":"http:\/\/www.locacaodemaquinas.com.br\/site\/wp-json\/wp\/v2\/product\/2670"}],"collection":[{"href":"http:\/\/www.locacaodemaquinas.com.br\/site\/wp-json\/wp\/v2\/product"}],"about":[{"href":"http:\/\/www.locacaodemaquinas.com.br\/site\/wp-json\/wp\/v2\/types\/product"}],"replies":[{"embeddable":true,"href":"http:\/\/www.locacaodemaquinas.com.br\/site\/wp-json\/wp\/v2\/comments?post=2670"}],"wp:featuredmedia":[{"embeddable":true,"href":"http:\/\/www.locacaodemaquinas.com.br\/site\/wp-json\/wp\/v2\/media\/2671"}],"wp:attachment":[{"href":"http:\/\/www.locacaodemaquinas.com.br\/site\/wp-json\/wp\/v2\/media?parent=2670"}],"wp:term":[{"taxonomy":"product_cat","embeddable":true,"href":"http:\/\/www.locacaodemaquinas.com.br\/site\/wp-json\/wp\/v2\/product_cat?post=2670"},{"taxonomy":"product_tag","embeddable":true,"href":"http:\/\/www.locacaodemaquinas.com.br\/site\/wp-json\/wp\/v2\/product_tag?post=2670"}],"curies":[{"name":"wp","href":"https:\/\/api.w.org\/{rel}","templated":true}]}}