{"id":2675,"date":"2022-08-26T12:26:50","date_gmt":"2022-08-26T15:26:50","guid":{"rendered":"http:\/\/www.locacaodemaquinas.com.br\/site\/?post_type=product&#038;p=2675"},"modified":"2022-08-26T15:27:55","modified_gmt":"2022-08-26T18:27:55","slug":"oculos-de-protecao-koala-cinza-kalipso","status":"publish","type":"product","link":"http:\/\/www.locacaodemaquinas.com.br\/site\/loja\/venda\/seguranca\/oculos-de-protecao-koala-cinza-kalipso\/","title":{"rendered":"\u00d3culos de Prote\u00e7\u00e3o Koala Cinza &#8211; Kalipso"},"content":{"rendered":"<ul>\n<li>Prote\u00e7\u00e3o contra raios UVA e UVB;<\/li>\n<li>Lente com tratamento antirrisco;<\/li>\n<li>Haste tipo esp\u00e1tula.<\/li>\n<\/ul>\n","protected":false},"excerpt":{"rendered":"<p>Indicado para prote\u00e7\u00e3o dos olhos contra impactos de part\u00edculas volantes. As hastes possuem acabamento emborrachado que proporcionam conforto e leveza na regi\u00e3o da orelha. Na tonalidade cinza \u00e9 aprovado para luz vis\u00edvel (L).<\/p>\n<ul>\n<li>Lentes com curvatura que se ajustam perfeitamente \u00e0 face do usu\u00e1rio;<\/li>\n<li>Possui resist\u00eancia a alto impacto (+).<\/li>\n<\/ul>\n","protected":false},"featured_media":2676,"comment_status":"open","ping_status":"closed","template":"","meta":[],"product_cat":[45,528],"product_tag":[744,758,740,745,741],"acf":[],"_links":{"self":[{"href":"http:\/\/www.locacaodemaquinas.com.br\/site\/wp-json\/wp\/v2\/product\/2675"}],"collection":[{"href":"http:\/\/www.locacaodemaquinas.com.br\/site\/wp-json\/wp\/v2\/product"}],"about":[{"href":"http:\/\/www.locacaodemaquinas.com.br\/site\/wp-json\/wp\/v2\/types\/product"}],"replies":[{"embeddable":true,"href":"http:\/\/www.locacaodemaquinas.com.br\/site\/wp-json\/wp\/v2\/comments?post=2675"}],"wp:featuredmedia":[{"embeddable":true,"href":"http:\/\/www.locacaodemaquinas.com.br\/site\/wp-json\/wp\/v2\/media\/2676"}],"wp:attachment":[{"href":"http:\/\/www.locacaodemaquinas.com.br\/site\/wp-json\/wp\/v2\/media?parent=2675"}],"wp:term":[{"taxonomy":"product_cat","embeddable":true,"href":"http:\/\/www.locacaodemaquinas.com.br\/site\/wp-json\/wp\/v2\/product_cat?post=2675"},{"taxonomy":"product_tag","embeddable":true,"href":"http:\/\/www.locacaodemaquinas.com.br\/site\/wp-json\/wp\/v2\/product_tag?post=2675"}],"curies":[{"name":"wp","href":"https:\/\/api.w.org\/{rel}","templated":true}]}}