{"id":2708,"date":"2022-08-27T10:48:40","date_gmt":"2022-08-27T13:48:40","guid":{"rendered":"http:\/\/www.locacaodemaquinas.com.br\/site\/?post_type=product&#038;p=2708"},"modified":"2022-08-27T10:49:55","modified_gmt":"2022-08-27T13:49:55","slug":"oculos-de-protecao-lince-verde-kalipso","status":"publish","type":"product","link":"http:\/\/www.locacaodemaquinas.com.br\/site\/loja\/venda\/seguranca\/oculos-de-protecao-lince-verde-kalipso\/","title":{"rendered":"\u00d3culos de Prote\u00e7\u00e3o Lince Verde &#8211; Kalipso"},"content":{"rendered":"<ul>\n<li>Prote\u00e7\u00e3o contra UVA e UVB;<\/li>\n<li>Lente com tratamento antirrisco;<\/li>\n<li>Haste tipo esp\u00e1tula;<\/li>\n<li>Ajuste de comprimento.<\/li>\n<\/ul>\n","protected":false},"excerpt":{"rendered":"<p>Indicado para prote\u00e7\u00e3o dos olhos contra impactos de part\u00edculas volantes; contra raios ultravioleta (U6); no caso da lente cinza, contra luz intensa (L3).<\/p>\n<ul>\n<li>Design arrojado;<\/li>\n<li>Refor\u00e7o na borda superior da arma\u00e7\u00e3o;<\/li>\n<li>Resistente a alto impacto (+).<\/li>\n<\/ul>\n","protected":false},"featured_media":2705,"comment_status":"open","ping_status":"closed","template":"","meta":[],"product_cat":[45,528],"product_tag":[760,740,745,741,720],"acf":[],"_links":{"self":[{"href":"http:\/\/www.locacaodemaquinas.com.br\/site\/wp-json\/wp\/v2\/product\/2708"}],"collection":[{"href":"http:\/\/www.locacaodemaquinas.com.br\/site\/wp-json\/wp\/v2\/product"}],"about":[{"href":"http:\/\/www.locacaodemaquinas.com.br\/site\/wp-json\/wp\/v2\/types\/product"}],"replies":[{"embeddable":true,"href":"http:\/\/www.locacaodemaquinas.com.br\/site\/wp-json\/wp\/v2\/comments?post=2708"}],"wp:featuredmedia":[{"embeddable":true,"href":"http:\/\/www.locacaodemaquinas.com.br\/site\/wp-json\/wp\/v2\/media\/2705"}],"wp:attachment":[{"href":"http:\/\/www.locacaodemaquinas.com.br\/site\/wp-json\/wp\/v2\/media?parent=2708"}],"wp:term":[{"taxonomy":"product_cat","embeddable":true,"href":"http:\/\/www.locacaodemaquinas.com.br\/site\/wp-json\/wp\/v2\/product_cat?post=2708"},{"taxonomy":"product_tag","embeddable":true,"href":"http:\/\/www.locacaodemaquinas.com.br\/site\/wp-json\/wp\/v2\/product_tag?post=2708"}],"curies":[{"name":"wp","href":"https:\/\/api.w.org\/{rel}","templated":true}]}}