{"id":2709,"date":"2022-08-27T10:53:17","date_gmt":"2022-08-27T13:53:17","guid":{"rendered":"http:\/\/www.locacaodemaquinas.com.br\/site\/?post_type=product&#038;p=2709"},"modified":"2022-08-27T11:03:03","modified_gmt":"2022-08-27T14:03:03","slug":"oculos-de-protecao-panda-cinza-kalipso","status":"publish","type":"product","link":"http:\/\/www.locacaodemaquinas.com.br\/site\/loja\/venda\/seguranca\/oculos-de-protecao-panda-cinza-kalipso\/","title":{"rendered":"\u00d3culos de Prote\u00e7\u00e3o Panda Cinza &#8211; Kalipso"},"content":{"rendered":"<ul>\n<li>Prote\u00e7\u00e3o contra UVA e UVB;<\/li>\n<li>Haste tipo esp\u00e1tula;<\/li>\n<li>N\u00e3o cont\u00e9m partes met\u00e1licas;<\/li>\n<li>Pode ser utilizado como sobreposi\u00e7\u00e3o ao \u00f3culos graduado, por\u00e9m \u00e9 importante a verifica\u00e7\u00e3o do tamanho da arma\u00e7\u00e3o a ser utilizada, pois pode interferir no conforto do usu\u00e1rio.<\/li>\n<\/ul>\n","protected":false},"excerpt":{"rendered":"<p>Indicado para prote\u00e7\u00e3o dos olhos contra impactos de part\u00edculas volantes. Possui sistema de ventila\u00e7\u00e3o direta, composto de seis fendas em cada lateral do \u00f3culos.<\/p>\n<ul>\n<li>Diel\u00e9trico (n\u00e3o condutor el\u00e9trico);<\/li>\n<li>Lente com curvatura lateral que aumenta o n\u00edvel de prote\u00e7\u00e3o.<\/li>\n<\/ul>\n","protected":false},"featured_media":2713,"comment_status":"open","ping_status":"closed","template":"","meta":[],"product_cat":[45,528],"product_tag":[744,740,745,741,761],"acf":[],"_links":{"self":[{"href":"http:\/\/www.locacaodemaquinas.com.br\/site\/wp-json\/wp\/v2\/product\/2709"}],"collection":[{"href":"http:\/\/www.locacaodemaquinas.com.br\/site\/wp-json\/wp\/v2\/product"}],"about":[{"href":"http:\/\/www.locacaodemaquinas.com.br\/site\/wp-json\/wp\/v2\/types\/product"}],"replies":[{"embeddable":true,"href":"http:\/\/www.locacaodemaquinas.com.br\/site\/wp-json\/wp\/v2\/comments?post=2709"}],"wp:featuredmedia":[{"embeddable":true,"href":"http:\/\/www.locacaodemaquinas.com.br\/site\/wp-json\/wp\/v2\/media\/2713"}],"wp:attachment":[{"href":"http:\/\/www.locacaodemaquinas.com.br\/site\/wp-json\/wp\/v2\/media?parent=2709"}],"wp:term":[{"taxonomy":"product_cat","embeddable":true,"href":"http:\/\/www.locacaodemaquinas.com.br\/site\/wp-json\/wp\/v2\/product_cat?post=2709"},{"taxonomy":"product_tag","embeddable":true,"href":"http:\/\/www.locacaodemaquinas.com.br\/site\/wp-json\/wp\/v2\/product_tag?post=2709"}],"curies":[{"name":"wp","href":"https:\/\/api.w.org\/{rel}","templated":true}]}}