{"id":2717,"date":"2022-08-27T11:08:15","date_gmt":"2022-08-27T14:08:15","guid":{"rendered":"http:\/\/www.locacaodemaquinas.com.br\/site\/?post_type=product&#038;p=2717"},"modified":"2022-08-27T11:53:07","modified_gmt":"2022-08-27T14:53:07","slug":"oculos-de-protecao-ra-com-valvula-kalipso","status":"publish","type":"product","link":"http:\/\/www.locacaodemaquinas.com.br\/site\/loja\/venda\/seguranca\/oculos-de-protecao-ra-com-valvula-kalipso\/","title":{"rendered":"\u00d3culos de Prote\u00e7\u00e3o R\u00e3 com V\u00e1lvula &#8211; Kalipso"},"content":{"rendered":"<ul>\n<li>Prote\u00e7\u00e3o contra raios UVA e UVB<\/li>\n<li>Lentes com tratamento antirrisco<\/li>\n<li>Pode ser utilizado como sobreposi\u00e7\u00e3o ao \u00f3culos graduado, por\u00e9m \u00e9 importante a verifica\u00e7\u00e3o do tamanho da arma\u00e7\u00e3o a ser utilizada, pois pode interferir no conforto do usu\u00e1rio;<\/li>\n<li>Permite ajuste de tamanho atrav\u00e9s de tirante de el\u00e1stico;<\/li>\n<li>N\u00e3o cont\u00e9m partes met\u00e1licas.<\/li>\n<\/ul>\n","protected":false},"excerpt":{"rendered":"<p>Modelo ampla vis\u00e3o, indicado para prote\u00e7\u00e3o dos olhos do usu\u00e1rio contra impactos de part\u00edculas volantes e contra raios ultravioleta (U-4). Possui sistema de ventila\u00e7\u00e3o indireta, composta de v\u00e1lvulas de reten\u00e7\u00e3o de part\u00edculas.<\/p>\n<ul>\n<li>EPI aprovado para a resist\u00eancia a alto impacto (+);<\/li>\n<li>Apresenta prote\u00e7\u00e3o de gotas e respingos de l\u00edquidos (D3);<\/li>\n<li>Proporciona encaixe, veda\u00e7\u00e3o e conforto na regi\u00e3o em torno dos olhos.<\/li>\n<\/ul>\n","protected":false},"featured_media":2718,"comment_status":"open","ping_status":"closed","template":"","meta":[],"product_cat":[45,528],"product_tag":[712,740,745,741,762],"acf":[],"_links":{"self":[{"href":"http:\/\/www.locacaodemaquinas.com.br\/site\/wp-json\/wp\/v2\/product\/2717"}],"collection":[{"href":"http:\/\/www.locacaodemaquinas.com.br\/site\/wp-json\/wp\/v2\/product"}],"about":[{"href":"http:\/\/www.locacaodemaquinas.com.br\/site\/wp-json\/wp\/v2\/types\/product"}],"replies":[{"embeddable":true,"href":"http:\/\/www.locacaodemaquinas.com.br\/site\/wp-json\/wp\/v2\/comments?post=2717"}],"wp:featuredmedia":[{"embeddable":true,"href":"http:\/\/www.locacaodemaquinas.com.br\/site\/wp-json\/wp\/v2\/media\/2718"}],"wp:attachment":[{"href":"http:\/\/www.locacaodemaquinas.com.br\/site\/wp-json\/wp\/v2\/media?parent=2717"}],"wp:term":[{"taxonomy":"product_cat","embeddable":true,"href":"http:\/\/www.locacaodemaquinas.com.br\/site\/wp-json\/wp\/v2\/product_cat?post=2717"},{"taxonomy":"product_tag","embeddable":true,"href":"http:\/\/www.locacaodemaquinas.com.br\/site\/wp-json\/wp\/v2\/product_tag?post=2717"}],"curies":[{"name":"wp","href":"https:\/\/api.w.org\/{rel}","templated":true}]}}