{"id":2722,"date":"2022-08-29T15:54:20","date_gmt":"2022-08-29T18:54:20","guid":{"rendered":"http:\/\/www.locacaodemaquinas.com.br\/site\/?post_type=product&#038;p=2722"},"modified":"2022-08-29T16:25:03","modified_gmt":"2022-08-29T19:25:03","slug":"oculos-de-protecao-vancouver-incolor-af-kalipso","status":"publish","type":"product","link":"http:\/\/www.locacaodemaquinas.com.br\/site\/loja\/venda\/seguranca\/oculos-de-protecao-vancouver-incolor-af-kalipso\/","title":{"rendered":"\u00d3culos de Prote\u00e7\u00e3o Vancouver Incolor AF &#8211; Kalipso"},"content":{"rendered":"<ul>\n<li>Lentes com tratamento antirrisco;<\/li>\n<li>Tratamento AF Anti-Fog \/ antiemba\u00e7ante;<\/li>\n<li>Pode ser utilizado como sobreposi\u00e7\u00e3o ao \u00f3culos graduado, por\u00e9m \u00e9 importante a verifica\u00e7\u00e3o do tamanho da arma\u00e7\u00e3o a ser utilizada, pois pode interferir no conforto do usu\u00e1rio;<\/li>\n<li>Permite ajuste angular;<\/li>\n<li>Permite ajuste de tamanho atrav\u00e9s de tirante de el\u00e1stico;<\/li>\n<li>N\u00e3o cont\u00e9m partes met\u00e1licas.<\/li>\n<\/ul>\n","protected":false},"excerpt":{"rendered":"<p>Indicado para prote\u00e7\u00e3o dos olhos do usu\u00e1rio contra impactos de part\u00edculas volantes, contra raios ultravioleta (U). Possui sistema de ventila\u00e7\u00e3o indireta.<\/p>\n<ul>\n<li>Resistente a alto impacto (+)<\/li>\n<li>Proporciona encaixe, veda\u00e7\u00e3o e conforto na regi\u00e3o em torno dos olhos<\/li>\n<li>Prote\u00e7\u00e3o contra gotas e respingos (D3).<\/li>\n<\/ul>\n","protected":false},"featured_media":2724,"comment_status":"open","ping_status":"closed","template":"","meta":[],"product_cat":[45,528],"product_tag":[751,712,740,745,741,764],"acf":[],"_links":{"self":[{"href":"http:\/\/www.locacaodemaquinas.com.br\/site\/wp-json\/wp\/v2\/product\/2722"}],"collection":[{"href":"http:\/\/www.locacaodemaquinas.com.br\/site\/wp-json\/wp\/v2\/product"}],"about":[{"href":"http:\/\/www.locacaodemaquinas.com.br\/site\/wp-json\/wp\/v2\/types\/product"}],"replies":[{"embeddable":true,"href":"http:\/\/www.locacaodemaquinas.com.br\/site\/wp-json\/wp\/v2\/comments?post=2722"}],"wp:featuredmedia":[{"embeddable":true,"href":"http:\/\/www.locacaodemaquinas.com.br\/site\/wp-json\/wp\/v2\/media\/2724"}],"wp:attachment":[{"href":"http:\/\/www.locacaodemaquinas.com.br\/site\/wp-json\/wp\/v2\/media?parent=2722"}],"wp:term":[{"taxonomy":"product_cat","embeddable":true,"href":"http:\/\/www.locacaodemaquinas.com.br\/site\/wp-json\/wp\/v2\/product_cat?post=2722"},{"taxonomy":"product_tag","embeddable":true,"href":"http:\/\/www.locacaodemaquinas.com.br\/site\/wp-json\/wp\/v2\/product_tag?post=2722"}],"curies":[{"name":"wp","href":"https:\/\/api.w.org\/{rel}","templated":true}]}}