{"id":2728,"date":"2022-08-29T16:28:08","date_gmt":"2022-08-29T19:28:08","guid":{"rendered":"http:\/\/www.locacaodemaquinas.com.br\/site\/?post_type=product&#038;p=2728"},"modified":"2022-08-30T10:51:07","modified_gmt":"2022-08-30T13:51:07","slug":"oculos-de-protecao-veneza-azul-espelhado-kalipso","status":"publish","type":"product","link":"http:\/\/www.locacaodemaquinas.com.br\/site\/loja\/venda\/seguranca\/oculos-de-protecao-veneza-azul-espelhado-kalipso\/","title":{"rendered":"\u00d3culos de Prote\u00e7\u00e3o Veneza Azul Espelhado &#8211; Kalipso"},"content":{"rendered":"<ul>\n<li>Prote\u00e7\u00e3o contra raios UVA e UVB<\/li>\n<li>Prote\u00e7\u00e3o UV 400 (lente incolor espelhada);<\/li>\n<li>Lentes com tratamento antirrisco;<\/li>\n<li>Haste tipo esp\u00e1tula;<\/li>\n<li>Lentes espelhadas.<\/li>\n<\/ul>\n","protected":false},"excerpt":{"rendered":"<p>Indicado para prote\u00e7\u00e3o dos olhos do usu\u00e1rio contra impactos de part\u00edculas volantes. Possui sistema de ventila\u00e7\u00e3o direta atrav\u00e9s de uma fenda localizada na parte central da haste.<\/p>\n<ul>\n<li>Design arrojado;<\/li>\n<li>Possui prote\u00e7\u00e3o lateral.<\/li>\n<\/ul>\n","protected":false},"featured_media":2729,"comment_status":"open","ping_status":"closed","template":"","meta":[],"product_cat":[45,528],"product_tag":[766,712,740,745,741,765],"acf":[],"_links":{"self":[{"href":"http:\/\/www.locacaodemaquinas.com.br\/site\/wp-json\/wp\/v2\/product\/2728"}],"collection":[{"href":"http:\/\/www.locacaodemaquinas.com.br\/site\/wp-json\/wp\/v2\/product"}],"about":[{"href":"http:\/\/www.locacaodemaquinas.com.br\/site\/wp-json\/wp\/v2\/types\/product"}],"replies":[{"embeddable":true,"href":"http:\/\/www.locacaodemaquinas.com.br\/site\/wp-json\/wp\/v2\/comments?post=2728"}],"wp:featuredmedia":[{"embeddable":true,"href":"http:\/\/www.locacaodemaquinas.com.br\/site\/wp-json\/wp\/v2\/media\/2729"}],"wp:attachment":[{"href":"http:\/\/www.locacaodemaquinas.com.br\/site\/wp-json\/wp\/v2\/media?parent=2728"}],"wp:term":[{"taxonomy":"product_cat","embeddable":true,"href":"http:\/\/www.locacaodemaquinas.com.br\/site\/wp-json\/wp\/v2\/product_cat?post=2728"},{"taxonomy":"product_tag","embeddable":true,"href":"http:\/\/www.locacaodemaquinas.com.br\/site\/wp-json\/wp\/v2\/product_tag?post=2728"}],"curies":[{"name":"wp","href":"https:\/\/api.w.org\/{rel}","templated":true}]}}